{"id":36,"date":"2021-04-07T12:26:39","date_gmt":"2021-04-07T10:26:39","guid":{"rendered":"https:\/\/amamantra.com\/?page_id=36"},"modified":"2023-03-06T22:43:19","modified_gmt":"2023-03-06T21:43:19","slug":"concept-vetement-innovant","status":"publish","type":"page","link":"https:\/\/amamantra.com\/vetement-femme-allaitante\/concept-vetement-innovant\/","title":{"rendered":"Le concept"},"content":{"rendered":"\n<h2>\n\t\tUNE OUVERTURE INNOVANTE POUR UN ALLAITEMENT R\u00c9USSI ET UNE MAMAN \u00c9PANOUIE\n\t<\/h2>\n\t<p>Vos v\u00eatements Amamantra disposent d&#8217;ouvertures lat\u00e9rales discr\u00e8tes t ne n\u00e9cessitent pas de syst\u00e8me de fermeture compl\u00e9mentaire.<\/p>\n<p><strong>Fini les zips et les pressions !<\/strong> Une doublure permet de cr\u00e9er un effet \u00abcache coeur\u00bb pour recouvrir votre peau. Rien de plus simple pour acc\u00e9der \u00e0 votre poitrine.<\/p>\n<p>Le d\u00e9veloppement et la finition des v\u00eatements d&#8217;allaitement de la marque permettent de vous accompagner et de vous aider durant votre allaitement <strong>pour plus de confort, de fonctionnalit\u00e9 et d&#8217;intimit\u00e9<\/strong> tout en vous sublimant afin de vous sentir belle et f\u00e9minine durant votre post partum.<\/p>\n<p>Sachez que l&#8217;ouverture est compatible avec la t\u00e9terelle de votre tire-lait.<\/p>\n<p><em>NB: Amamantra accompagne toutes les mamallaitantes, y compris les working mum!<\/em><\/p>\n<p><em>Ouvertures brevet\u00e9es et mod\u00e8les d\u00e9pos\u00e9s.<\/em><\/p>\n\t\t\t\t<img loading=\"lazy\" decoding=\"async\" src=\"https:\/\/amamantra.com\/wp-content\/uploads\/2021\/04\/ouverture-innovante.jpg\" alt=\"ouverture-innovante\" itemprop=\"image\" height=\"764\" width=\"700\" title=\"ouverture-innovante\" onerror=\"this.style.display='none'\"  \/>\n\t\t\t\t<img loading=\"lazy\" decoding=\"async\" src=\"https:\/\/amamantra.com\/wp-content\/uploads\/2021\/04\/pack-tres-amie.jpg\" alt=\"pack-tres-amie\" itemprop=\"image\" height=\"589\" width=\"866\" title=\"pack-tres-amie\" onerror=\"this.style.display='none'\"  \/>\n\t<h2>Une ouverture<\/h2>\n<h3>innovante<\/h3>\nPOUR UN ALLAITEMENT R\u00c9USSI<br \/>\nET UNE MAMAN \u00c9PANOUIE\n\n","protected":false},"excerpt":{"rendered":"<p>UNE OUVERTURE INNOVANTE POUR UN ALLAITEMENT R\u00c9USSI ET UNE MAMAN \u00c9PANOUIE Vos v\u00eatements Amamantra disposent d&#8217;ouvertures lat\u00e9rales discr\u00e8tes t ne n\u00e9cessitent pas de syst\u00e8me de fermeture compl\u00e9mentaire. Fini les zips et les pressions ! Une doublure permet de cr\u00e9er un effet \u00abcache coeur\u00bb pour recouvrir votre peau. Rien de plus simple pour acc\u00e9der \u00e0 votre [&hellip;]<\/p>\n","protected":false},"author":1,"featured_media":0,"parent":401,"menu_order":1,"comment_status":"closed","ping_status":"closed","template":"","meta":{"_acf_changed":false,"inline_featured_image":false,"footnotes":""},"acf":[],"yoast_head":"<!-- This site is optimized with the Yoast SEO plugin v22.4 - https:\/\/yoast.com\/wordpress\/plugins\/seo\/ -->\n<title>Le concept innovant de l&#039;ouverture simplifi\u00e9e - Amamantra<\/title>\n<meta name=\"description\" content=\"Une ouverture innovante pour un allaitement r\u00e9ussi et une maman \u00e9panouie. Des v\u00eatements durant votre allaitement plus de confort et d\u2019intimit\u00e9\" \/>\n<meta name=\"robots\" content=\"index, follow, max-snippet:-1, max-image-preview:large, max-video-preview:-1\" \/>\n<link rel=\"canonical\" href=\"https:\/\/amamantra.com\/vetement-femme-allaitante\/concept-vetement-innovant\/\" \/>\n<meta property=\"og:locale\" content=\"fr_FR\" \/>\n<meta property=\"og:type\" content=\"article\" \/>\n<meta property=\"og:title\" content=\"Le concept innovant de l&#039;ouverture simplifi\u00e9e - Amamantra\" \/>\n<meta property=\"og:description\" content=\"Une ouverture innovante pour un allaitement r\u00e9ussi et une maman \u00e9panouie. Des v\u00eatements durant votre allaitement plus de confort et d\u2019intimit\u00e9\" \/>\n<meta property=\"og:url\" content=\"https:\/\/amamantra.com\/vetement-femme-allaitante\/concept-vetement-innovant\/\" \/>\n<meta property=\"og:site_name\" content=\"Amamantra\" \/>\n<meta property=\"article:modified_time\" content=\"2023-03-06T21:43:19+00:00\" \/>\n<meta property=\"og:image\" content=\"https:\/\/amamantra.com\/wp-content\/uploads\/2021\/04\/ouverture-innovante.jpg\" \/>\n<meta name=\"twitter:card\" content=\"summary_large_image\" \/>\n<meta name=\"twitter:label1\" content=\"Dur\u00e9e de lecture estim\u00e9e\" \/>\n\t<meta name=\"twitter:data1\" content=\"1 minute\" \/>\n<script type=\"application\/ld+json\" class=\"yoast-schema-graph\">{\"@context\":\"https:\/\/schema.org\",\"@graph\":[{\"@type\":\"WebPage\",\"@id\":\"https:\/\/amamantra.com\/vetement-femme-allaitante\/concept-vetement-innovant\/\",\"url\":\"https:\/\/amamantra.com\/vetement-femme-allaitante\/concept-vetement-innovant\/\",\"name\":\"Le concept innovant de l'ouverture simplifi\u00e9e - Amamantra\",\"isPartOf\":{\"@id\":\"https:\/\/amamantra.com\/#website\"},\"primaryImageOfPage\":{\"@id\":\"https:\/\/amamantra.com\/vetement-femme-allaitante\/concept-vetement-innovant\/#primaryimage\"},\"image\":{\"@id\":\"https:\/\/amamantra.com\/vetement-femme-allaitante\/concept-vetement-innovant\/#primaryimage\"},\"thumbnailUrl\":\"https:\/\/amamantra.com\/wp-content\/uploads\/2021\/04\/ouverture-innovante.jpg\",\"datePublished\":\"2021-04-07T10:26:39+00:00\",\"dateModified\":\"2023-03-06T21:43:19+00:00\",\"description\":\"Une ouverture innovante pour un allaitement r\u00e9ussi et une maman \u00e9panouie. Des v\u00eatements durant votre allaitement plus de confort et d\u2019intimit\u00e9\",\"breadcrumb\":{\"@id\":\"https:\/\/amamantra.com\/vetement-femme-allaitante\/concept-vetement-innovant\/#breadcrumb\"},\"inLanguage\":\"fr-FR\",\"potentialAction\":[{\"@type\":\"ReadAction\",\"target\":[\"https:\/\/amamantra.com\/vetement-femme-allaitante\/concept-vetement-innovant\/\"]}]},{\"@type\":\"ImageObject\",\"inLanguage\":\"fr-FR\",\"@id\":\"https:\/\/amamantra.com\/vetement-femme-allaitante\/concept-vetement-innovant\/#primaryimage\",\"url\":\"https:\/\/amamantra.com\/wp-content\/uploads\/2021\/04\/ouverture-innovante.jpg\",\"contentUrl\":\"https:\/\/amamantra.com\/wp-content\/uploads\/2021\/04\/ouverture-innovante.jpg\",\"width\":700,\"height\":764},{\"@type\":\"BreadcrumbList\",\"@id\":\"https:\/\/amamantra.com\/vetement-femme-allaitante\/concept-vetement-innovant\/#breadcrumb\",\"itemListElement\":[{\"@type\":\"ListItem\",\"position\":1,\"name\":\"Accueil\",\"item\":\"https:\/\/amamantra.com\/\"},{\"@type\":\"ListItem\",\"position\":2,\"name\":\"La marque\",\"item\":\"https:\/\/amamantra.com\/vetement-femme-allaitante\/\"},{\"@type\":\"ListItem\",\"position\":3,\"name\":\"Le concept\"}]},{\"@type\":\"WebSite\",\"@id\":\"https:\/\/amamantra.com\/#website\",\"url\":\"https:\/\/amamantra.com\/\",\"name\":\"Amamantra\",\"description\":\"V\u00eatements de confort pour mamans allaitantes\",\"publisher\":{\"@id\":\"https:\/\/amamantra.com\/#organization\"},\"potentialAction\":[{\"@type\":\"SearchAction\",\"target\":{\"@type\":\"EntryPoint\",\"urlTemplate\":\"https:\/\/amamantra.com\/?s={search_term_string}\"},\"query-input\":\"required name=search_term_string\"}],\"inLanguage\":\"fr-FR\"},{\"@type\":\"Organization\",\"@id\":\"https:\/\/amamantra.com\/#organization\",\"name\":\"Amamantra\",\"url\":\"https:\/\/amamantra.com\/\",\"logo\":{\"@type\":\"ImageObject\",\"inLanguage\":\"fr-FR\",\"@id\":\"https:\/\/amamantra.com\/#\/schema\/logo\/image\/\",\"url\":\"https:\/\/amamantra.com\/wp-content\/uploads\/2021\/04\/logo-amamantra.jpg\",\"contentUrl\":\"https:\/\/amamantra.com\/wp-content\/uploads\/2021\/04\/logo-amamantra.jpg\",\"width\":313,\"height\":79,\"caption\":\"Amamantra\"},\"image\":{\"@id\":\"https:\/\/amamantra.com\/#\/schema\/logo\/image\/\"}}]}<\/script>\n<!-- \/ Yoast SEO plugin. -->","yoast_head_json":{"title":"Le concept innovant de l'ouverture simplifi\u00e9e - Amamantra","description":"Une ouverture innovante pour un allaitement r\u00e9ussi et une maman \u00e9panouie. Des v\u00eatements durant votre allaitement plus de confort et d\u2019intimit\u00e9","robots":{"index":"index","follow":"follow","max-snippet":"max-snippet:-1","max-image-preview":"max-image-preview:large","max-video-preview":"max-video-preview:-1"},"canonical":"https:\/\/amamantra.com\/vetement-femme-allaitante\/concept-vetement-innovant\/","og_locale":"fr_FR","og_type":"article","og_title":"Le concept innovant de l'ouverture simplifi\u00e9e - Amamantra","og_description":"Une ouverture innovante pour un allaitement r\u00e9ussi et une maman \u00e9panouie. Des v\u00eatements durant votre allaitement plus de confort et d\u2019intimit\u00e9","og_url":"https:\/\/amamantra.com\/vetement-femme-allaitante\/concept-vetement-innovant\/","og_site_name":"Amamantra","article_modified_time":"2023-03-06T21:43:19+00:00","og_image":[{"url":"https:\/\/amamantra.com\/wp-content\/uploads\/2021\/04\/ouverture-innovante.jpg"}],"twitter_card":"summary_large_image","twitter_misc":{"Dur\u00e9e de lecture estim\u00e9e":"1 minute"},"schema":{"@context":"https:\/\/schema.org","@graph":[{"@type":"WebPage","@id":"https:\/\/amamantra.com\/vetement-femme-allaitante\/concept-vetement-innovant\/","url":"https:\/\/amamantra.com\/vetement-femme-allaitante\/concept-vetement-innovant\/","name":"Le concept innovant de l'ouverture simplifi\u00e9e - Amamantra","isPartOf":{"@id":"https:\/\/amamantra.com\/#website"},"primaryImageOfPage":{"@id":"https:\/\/amamantra.com\/vetement-femme-allaitante\/concept-vetement-innovant\/#primaryimage"},"image":{"@id":"https:\/\/amamantra.com\/vetement-femme-allaitante\/concept-vetement-innovant\/#primaryimage"},"thumbnailUrl":"https:\/\/amamantra.com\/wp-content\/uploads\/2021\/04\/ouverture-innovante.jpg","datePublished":"2021-04-07T10:26:39+00:00","dateModified":"2023-03-06T21:43:19+00:00","description":"Une ouverture innovante pour un allaitement r\u00e9ussi et une maman \u00e9panouie. Des v\u00eatements durant votre allaitement plus de confort et d\u2019intimit\u00e9","breadcrumb":{"@id":"https:\/\/amamantra.com\/vetement-femme-allaitante\/concept-vetement-innovant\/#breadcrumb"},"inLanguage":"fr-FR","potentialAction":[{"@type":"ReadAction","target":["https:\/\/amamantra.com\/vetement-femme-allaitante\/concept-vetement-innovant\/"]}]},{"@type":"ImageObject","inLanguage":"fr-FR","@id":"https:\/\/amamantra.com\/vetement-femme-allaitante\/concept-vetement-innovant\/#primaryimage","url":"https:\/\/amamantra.com\/wp-content\/uploads\/2021\/04\/ouverture-innovante.jpg","contentUrl":"https:\/\/amamantra.com\/wp-content\/uploads\/2021\/04\/ouverture-innovante.jpg","width":700,"height":764},{"@type":"BreadcrumbList","@id":"https:\/\/amamantra.com\/vetement-femme-allaitante\/concept-vetement-innovant\/#breadcrumb","itemListElement":[{"@type":"ListItem","position":1,"name":"Accueil","item":"https:\/\/amamantra.com\/"},{"@type":"ListItem","position":2,"name":"La marque","item":"https:\/\/amamantra.com\/vetement-femme-allaitante\/"},{"@type":"ListItem","position":3,"name":"Le concept"}]},{"@type":"WebSite","@id":"https:\/\/amamantra.com\/#website","url":"https:\/\/amamantra.com\/","name":"Amamantra","description":"V\u00eatements de confort pour mamans allaitantes","publisher":{"@id":"https:\/\/amamantra.com\/#organization"},"potentialAction":[{"@type":"SearchAction","target":{"@type":"EntryPoint","urlTemplate":"https:\/\/amamantra.com\/?s={search_term_string}"},"query-input":"required name=search_term_string"}],"inLanguage":"fr-FR"},{"@type":"Organization","@id":"https:\/\/amamantra.com\/#organization","name":"Amamantra","url":"https:\/\/amamantra.com\/","logo":{"@type":"ImageObject","inLanguage":"fr-FR","@id":"https:\/\/amamantra.com\/#\/schema\/logo\/image\/","url":"https:\/\/amamantra.com\/wp-content\/uploads\/2021\/04\/logo-amamantra.jpg","contentUrl":"https:\/\/amamantra.com\/wp-content\/uploads\/2021\/04\/logo-amamantra.jpg","width":313,"height":79,"caption":"Amamantra"},"image":{"@id":"https:\/\/amamantra.com\/#\/schema\/logo\/image\/"}}]}},"lang":"fr","translations":{"fr":36},"pll_sync_post":[],"_links":{"self":[{"href":"https:\/\/amamantra.com\/wp-json\/wp\/v2\/pages\/36"}],"collection":[{"href":"https:\/\/amamantra.com\/wp-json\/wp\/v2\/pages"}],"about":[{"href":"https:\/\/amamantra.com\/wp-json\/wp\/v2\/types\/page"}],"author":[{"embeddable":true,"href":"https:\/\/amamantra.com\/wp-json\/wp\/v2\/users\/1"}],"replies":[{"embeddable":true,"href":"https:\/\/amamantra.com\/wp-json\/wp\/v2\/comments?post=36"}],"version-history":[{"count":0,"href":"https:\/\/amamantra.com\/wp-json\/wp\/v2\/pages\/36\/revisions"}],"up":[{"embeddable":true,"href":"https:\/\/amamantra.com\/wp-json\/wp\/v2\/pages\/401"}],"wp:attachment":[{"href":"https:\/\/amamantra.com\/wp-json\/wp\/v2\/media?parent=36"}],"curies":[{"name":"wp","href":"https:\/\/api.w.org\/{rel}","templated":true}]}}