{"id":5,"date":"2021-02-20T21:22:43","date_gmt":"2021-02-20T20:22:43","guid":{"rendered":"http:\/\/amamantra.com\/?page_id=5"},"modified":"2023-03-15T15:41:12","modified_gmt":"2023-03-15T14:41:12","slug":"creez-votre-site-avec-des-blocs","status":"publish","type":"page","link":"https:\/\/amamantra.com\/","title":{"rendered":"Accueil"},"content":{"rendered":"\r\n<h1>UNE OUVERTURE INNOVANTE POUR UN ALLAITEMENT R\u00c9USSI ET UNE MAMAN \u00c9PANOUIE<\/h1>\r\n<p>Vos v\u00eatements Amamantra disposent d&#8217;ouvertures lat\u00e9rales discr\u00e8tes et ne n\u00e9cessitent pas de syst\u00e8me de fermeture compl\u00e9mentaire.<br \/>Fini les zips et les pressions ! Une doublure permet de cr\u00e9er un effet \u00abcache coeur\u00bb pour recouvrir votre peau. Rien de plus simple pour acc\u00e9der \u00e0 votre poitrine.<br \/>Le d\u00e9veloppement et la finition des v\u00eatements d&#8217;allaitement de la marque permettent de vous accompagner et de vous aider durant votre allaitement pour plus de confort, de fonctionnalit\u00e9 et d&#8217;intimit\u00e9 tout en vous sublimant afin de vous sentir belle et f\u00e9minine durant votre post partum.<br \/>Sachez que l&#8217;ouverture est compatible avec la t\u00e9terelle de votre tire-lait.<br \/>NB: Amamantra accompagne toutes les mamallaitantes, y compris les working mum!<\/p>\r\n","protected":false},"excerpt":{"rendered":"<p>UNE OUVERTURE INNOVANTE POUR UN ALLAITEMENT R\u00c9USSI ET UNE MAMAN \u00c9PANOUIE Vos v\u00eatements Amamantra disposent d&#8217;ouvertures lat\u00e9rales discr\u00e8tes et ne n\u00e9cessitent pas de syst\u00e8me de fermeture compl\u00e9mentaire.Fini les zips et les pressions ! Une doublure permet de cr\u00e9er un effet \u00abcache coeur\u00bb pour recouvrir votre peau. Rien de plus simple pour acc\u00e9der \u00e0 votre poitrine.Le [&hellip;]<\/p>\n","protected":false},"author":1,"featured_media":0,"parent":0,"menu_order":0,"comment_status":"closed","ping_status":"closed","template":"templates\/tpl-accueil.php","meta":{"_acf_changed":false,"inline_featured_image":false,"footnotes":""},"acf":[],"yoast_head":"<!-- This site is optimized with the Yoast SEO plugin v22.4 - https:\/\/yoast.com\/wordpress\/plugins\/seo\/ -->\n<title>Amamantra - Vivre d&#039;amour &amp; de lait<\/title>\n<meta name=\"description\" content=\"Des v\u00eatements pour mamans allaitantes avec ouverture innovante et discr\u00e8te. 100% \u00e9cologiques et \u00e9co-responsables pour le bien des b\u00e9b\u00e9s.\" \/>\n<meta name=\"robots\" content=\"index, follow, max-snippet:-1, max-image-preview:large, max-video-preview:-1\" \/>\n<link rel=\"canonical\" href=\"https:\/\/amamantra.com\/\" \/>\n<meta property=\"og:locale\" content=\"fr_FR\" \/>\n<meta property=\"og:type\" content=\"article\" \/>\n<meta property=\"og:title\" content=\"Amamantra - Vivre d&#039;amour &amp; de lait\" \/>\n<meta property=\"og:description\" content=\"Des v\u00eatements pour mamans allaitantes avec ouverture innovante et discr\u00e8te. 100% \u00e9cologiques et \u00e9co-responsables pour le bien des b\u00e9b\u00e9s.\" \/>\n<meta property=\"og:url\" content=\"https:\/\/amamantra.com\/\" \/>\n<meta property=\"og:site_name\" content=\"Amamantra\" \/>\n<meta property=\"article:modified_time\" content=\"2023-03-15T14:41:12+00:00\" \/>\n<meta name=\"twitter:card\" content=\"summary_large_image\" \/>\n<meta name=\"twitter:label1\" content=\"Dur\u00e9e de lecture estim\u00e9e\" \/>\n\t<meta name=\"twitter:data1\" content=\"1 minute\" \/>\n<script type=\"application\/ld+json\" class=\"yoast-schema-graph\">{\"@context\":\"https:\/\/schema.org\",\"@graph\":[{\"@type\":\"WebPage\",\"@id\":\"https:\/\/amamantra.com\/\",\"url\":\"https:\/\/amamantra.com\/\",\"name\":\"Amamantra - Vivre d'amour & de lait\",\"isPartOf\":{\"@id\":\"https:\/\/amamantra.com\/#website\"},\"datePublished\":\"2021-02-20T20:22:43+00:00\",\"dateModified\":\"2023-03-15T14:41:12+00:00\",\"description\":\"Des v\u00eatements pour mamans allaitantes avec ouverture innovante et discr\u00e8te. 100% \u00e9cologiques et \u00e9co-responsables pour le bien des b\u00e9b\u00e9s.\",\"breadcrumb\":{\"@id\":\"https:\/\/amamantra.com\/#breadcrumb\"},\"inLanguage\":\"fr-FR\",\"potentialAction\":[{\"@type\":\"ReadAction\",\"target\":[\"https:\/\/amamantra.com\/\"]}]},{\"@type\":\"BreadcrumbList\",\"@id\":\"https:\/\/amamantra.com\/#breadcrumb\",\"itemListElement\":[{\"@type\":\"ListItem\",\"position\":1,\"name\":\"Accueil\",\"item\":\"https:\/\/amamantra.com\/\"},{\"@type\":\"ListItem\",\"position\":2,\"name\":\"Accueil\"}]},{\"@type\":\"WebSite\",\"@id\":\"https:\/\/amamantra.com\/#website\",\"url\":\"https:\/\/amamantra.com\/\",\"name\":\"Amamantra\",\"description\":\"V\u00eatements de confort pour mamans allaitantes\",\"publisher\":{\"@id\":\"https:\/\/amamantra.com\/#organization\"},\"potentialAction\":[{\"@type\":\"SearchAction\",\"target\":{\"@type\":\"EntryPoint\",\"urlTemplate\":\"https:\/\/amamantra.com\/?s={search_term_string}\"},\"query-input\":\"required name=search_term_string\"}],\"inLanguage\":\"fr-FR\"},{\"@type\":\"Organization\",\"@id\":\"https:\/\/amamantra.com\/#organization\",\"name\":\"Amamantra\",\"url\":\"https:\/\/amamantra.com\/\",\"logo\":{\"@type\":\"ImageObject\",\"inLanguage\":\"fr-FR\",\"@id\":\"https:\/\/amamantra.com\/#\/schema\/logo\/image\/\",\"url\":\"https:\/\/amamantra.com\/wp-content\/uploads\/2021\/04\/logo-amamantra.jpg\",\"contentUrl\":\"https:\/\/amamantra.com\/wp-content\/uploads\/2021\/04\/logo-amamantra.jpg\",\"width\":313,\"height\":79,\"caption\":\"Amamantra\"},\"image\":{\"@id\":\"https:\/\/amamantra.com\/#\/schema\/logo\/image\/\"}}]}<\/script>\n<!-- \/ Yoast SEO plugin. -->","yoast_head_json":{"title":"Amamantra - Vivre d'amour & de lait","description":"Des v\u00eatements pour mamans allaitantes avec ouverture innovante et discr\u00e8te. 100% \u00e9cologiques et \u00e9co-responsables pour le bien des b\u00e9b\u00e9s.","robots":{"index":"index","follow":"follow","max-snippet":"max-snippet:-1","max-image-preview":"max-image-preview:large","max-video-preview":"max-video-preview:-1"},"canonical":"https:\/\/amamantra.com\/","og_locale":"fr_FR","og_type":"article","og_title":"Amamantra - Vivre d'amour & de lait","og_description":"Des v\u00eatements pour mamans allaitantes avec ouverture innovante et discr\u00e8te. 100% \u00e9cologiques et \u00e9co-responsables pour le bien des b\u00e9b\u00e9s.","og_url":"https:\/\/amamantra.com\/","og_site_name":"Amamantra","article_modified_time":"2023-03-15T14:41:12+00:00","twitter_card":"summary_large_image","twitter_misc":{"Dur\u00e9e de lecture estim\u00e9e":"1 minute"},"schema":{"@context":"https:\/\/schema.org","@graph":[{"@type":"WebPage","@id":"https:\/\/amamantra.com\/","url":"https:\/\/amamantra.com\/","name":"Amamantra - Vivre d'amour & de lait","isPartOf":{"@id":"https:\/\/amamantra.com\/#website"},"datePublished":"2021-02-20T20:22:43+00:00","dateModified":"2023-03-15T14:41:12+00:00","description":"Des v\u00eatements pour mamans allaitantes avec ouverture innovante et discr\u00e8te. 100% \u00e9cologiques et \u00e9co-responsables pour le bien des b\u00e9b\u00e9s.","breadcrumb":{"@id":"https:\/\/amamantra.com\/#breadcrumb"},"inLanguage":"fr-FR","potentialAction":[{"@type":"ReadAction","target":["https:\/\/amamantra.com\/"]}]},{"@type":"BreadcrumbList","@id":"https:\/\/amamantra.com\/#breadcrumb","itemListElement":[{"@type":"ListItem","position":1,"name":"Accueil","item":"https:\/\/amamantra.com\/"},{"@type":"ListItem","position":2,"name":"Accueil"}]},{"@type":"WebSite","@id":"https:\/\/amamantra.com\/#website","url":"https:\/\/amamantra.com\/","name":"Amamantra","description":"V\u00eatements de confort pour mamans allaitantes","publisher":{"@id":"https:\/\/amamantra.com\/#organization"},"potentialAction":[{"@type":"SearchAction","target":{"@type":"EntryPoint","urlTemplate":"https:\/\/amamantra.com\/?s={search_term_string}"},"query-input":"required name=search_term_string"}],"inLanguage":"fr-FR"},{"@type":"Organization","@id":"https:\/\/amamantra.com\/#organization","name":"Amamantra","url":"https:\/\/amamantra.com\/","logo":{"@type":"ImageObject","inLanguage":"fr-FR","@id":"https:\/\/amamantra.com\/#\/schema\/logo\/image\/","url":"https:\/\/amamantra.com\/wp-content\/uploads\/2021\/04\/logo-amamantra.jpg","contentUrl":"https:\/\/amamantra.com\/wp-content\/uploads\/2021\/04\/logo-amamantra.jpg","width":313,"height":79,"caption":"Amamantra"},"image":{"@id":"https:\/\/amamantra.com\/#\/schema\/logo\/image\/"}}]}},"lang":"fr","translations":{"fr":5,"en":52},"pll_sync_post":[],"_links":{"self":[{"href":"https:\/\/amamantra.com\/wp-json\/wp\/v2\/pages\/5"}],"collection":[{"href":"https:\/\/amamantra.com\/wp-json\/wp\/v2\/pages"}],"about":[{"href":"https:\/\/amamantra.com\/wp-json\/wp\/v2\/types\/page"}],"author":[{"embeddable":true,"href":"https:\/\/amamantra.com\/wp-json\/wp\/v2\/users\/1"}],"replies":[{"embeddable":true,"href":"https:\/\/amamantra.com\/wp-json\/wp\/v2\/comments?post=5"}],"version-history":[{"count":0,"href":"https:\/\/amamantra.com\/wp-json\/wp\/v2\/pages\/5\/revisions"}],"wp:attachment":[{"href":"https:\/\/amamantra.com\/wp-json\/wp\/v2\/media?parent=5"}],"curies":[{"name":"wp","href":"https:\/\/api.w.org\/{rel}","templated":true}]}}