{"id":413,"date":"2022-02-08T13:58:31","date_gmt":"2022-02-08T12:58:31","guid":{"rendered":"https:\/\/amamantra.com\/?post_type=product&#038;p=413"},"modified":"2023-03-18T22:00:37","modified_gmt":"2023-03-18T21:00:37","slug":"t-shirt-bogota-pataya","status":"publish","type":"product","link":"https:\/\/amamantra.com\/produit\/t-shirt-bogota-pataya\/","title":{"rendered":"T shirt Papaya"},"content":{"rendered":"<p><strong>Composition :<\/strong><\/p>\n<p>100% coton biologique, Tencel Tanguis 145g\/m2<br \/>\nIllustration s\u00e9rigraphi\u00e9e sur le coeur<br \/>\nLavage 30\u00b0C conseill\u00e9<\/p>\n<p>Confection des produits \u00e0 l\u2019atelier au P\u00e9rou<br \/>\nVos v\u00eatements Amamantra disposent d\u2019ouvertures discr\u00e8tes sur les c\u00f4t\u00e9s et ne n\u00e9cessitent pas de syst\u00e8me de fermeture.<\/p>\n<p><img loading=\"lazy\" decoding=\"async\" class=\"alignnone size-full wp-image-430\" src=\"https:\/\/amamantra.com\/wp-content\/uploads\/2021\/04\/composition-icone.svg\" alt=\"\" width=\"312\" height=\"47\" \/><\/p>\n","protected":false},"excerpt":{"rendered":"<p><strong>Collection Bogota<\/strong><\/p>\n<p>T-Shirt manches courtes papillon<br \/>\nOuvertures sur les c\u00f4t\u00e9s avec doublures<br \/>\nCouleur papaye\/orange<\/p>\n","protected":false},"featured_media":421,"template":"","meta":{"_acf_changed":false,"inline_featured_image":false},"product_cat":[43],"product_tag":[],"acf":[],"yoast_head":"<!-- This site is optimized with the Yoast SEO plugin v22.4 - https:\/\/yoast.com\/wordpress\/plugins\/seo\/ -->\n<title>T shirt Papaya - Amamantra<\/title>\n<meta name=\"description\" content=\"T-Shirt manches courtes papillon - Ouverture sur les c\u00f4t\u00e9s avec doublures - Couleur papaye\/orange\" \/>\n<meta name=\"robots\" content=\"index, follow, max-snippet:-1, max-image-preview:large, max-video-preview:-1\" \/>\n<link rel=\"canonical\" href=\"https:\/\/amamantra.com\/produit\/t-shirt-bogota-pataya\/\" \/>\n<meta property=\"og:locale\" content=\"fr_FR\" \/>\n<meta property=\"og:type\" content=\"article\" \/>\n<meta property=\"og:title\" content=\"T shirt Papaya - Amamantra\" \/>\n<meta property=\"og:description\" content=\"T-Shirt manches courtes papillon - Ouverture sur les c\u00f4t\u00e9s avec doublures - Couleur papaye\/orange\" \/>\n<meta property=\"og:url\" content=\"https:\/\/amamantra.com\/produit\/t-shirt-bogota-pataya\/\" \/>\n<meta property=\"og:site_name\" content=\"Amamantra\" \/>\n<meta property=\"article:modified_time\" content=\"2023-03-18T21:00:37+00:00\" \/>\n<meta property=\"og:image\" content=\"https:\/\/amamantra.com\/wp-content\/uploads\/2021\/04\/tshirt-amamantra-bogota-pataya-1.jpg\" \/>\n\t<meta property=\"og:image:width\" content=\"960\" \/>\n\t<meta property=\"og:image:height\" content=\"1200\" \/>\n\t<meta property=\"og:image:type\" content=\"image\/jpeg\" \/>\n<meta name=\"twitter:card\" content=\"summary_large_image\" \/>\n<meta name=\"twitter:label1\" content=\"Dur\u00e9e de lecture estim\u00e9e\" \/>\n\t<meta name=\"twitter:data1\" content=\"1 minute\" \/>\n<script type=\"application\/ld+json\" class=\"yoast-schema-graph\">{\"@context\":\"https:\/\/schema.org\",\"@graph\":[{\"@type\":\"WebPage\",\"@id\":\"https:\/\/amamantra.com\/produit\/t-shirt-bogota-pataya\/\",\"url\":\"https:\/\/amamantra.com\/produit\/t-shirt-bogota-pataya\/\",\"name\":\"T shirt Papaya - Amamantra\",\"isPartOf\":{\"@id\":\"https:\/\/amamantra.com\/#website\"},\"primaryImageOfPage\":{\"@id\":\"https:\/\/amamantra.com\/produit\/t-shirt-bogota-pataya\/#primaryimage\"},\"image\":{\"@id\":\"https:\/\/amamantra.com\/produit\/t-shirt-bogota-pataya\/#primaryimage\"},\"thumbnailUrl\":\"https:\/\/amamantra.com\/wp-content\/uploads\/2021\/04\/tshirt-amamantra-bogota-pataya-1.jpg\",\"datePublished\":\"2022-02-08T12:58:31+00:00\",\"dateModified\":\"2023-03-18T21:00:37+00:00\",\"description\":\"T-Shirt manches courtes papillon - Ouverture sur les c\u00f4t\u00e9s avec doublures - Couleur papaye\/orange\",\"breadcrumb\":{\"@id\":\"https:\/\/amamantra.com\/produit\/t-shirt-bogota-pataya\/#breadcrumb\"},\"inLanguage\":\"fr-FR\",\"potentialAction\":[{\"@type\":\"ReadAction\",\"target\":[\"https:\/\/amamantra.com\/produit\/t-shirt-bogota-pataya\/\"]}]},{\"@type\":\"ImageObject\",\"inLanguage\":\"fr-FR\",\"@id\":\"https:\/\/amamantra.com\/produit\/t-shirt-bogota-pataya\/#primaryimage\",\"url\":\"https:\/\/amamantra.com\/wp-content\/uploads\/2021\/04\/tshirt-amamantra-bogota-pataya-1.jpg\",\"contentUrl\":\"https:\/\/amamantra.com\/wp-content\/uploads\/2021\/04\/tshirt-amamantra-bogota-pataya-1.jpg\",\"width\":960,\"height\":1200},{\"@type\":\"BreadcrumbList\",\"@id\":\"https:\/\/amamantra.com\/produit\/t-shirt-bogota-pataya\/#breadcrumb\",\"itemListElement\":[{\"@type\":\"ListItem\",\"position\":1,\"name\":\"Accueil\",\"item\":\"https:\/\/amamantra.com\/\"},{\"@type\":\"ListItem\",\"position\":2,\"name\":\"Shop\",\"item\":\"https:\/\/amamantra.com\/le-shop\/\"},{\"@type\":\"ListItem\",\"position\":3,\"name\":\"T shirt Papaya\"}]},{\"@type\":\"WebSite\",\"@id\":\"https:\/\/amamantra.com\/#website\",\"url\":\"https:\/\/amamantra.com\/\",\"name\":\"Amamantra\",\"description\":\"V\u00eatements de confort pour mamans allaitantes\",\"publisher\":{\"@id\":\"https:\/\/amamantra.com\/#organization\"},\"potentialAction\":[{\"@type\":\"SearchAction\",\"target\":{\"@type\":\"EntryPoint\",\"urlTemplate\":\"https:\/\/amamantra.com\/?s={search_term_string}\"},\"query-input\":\"required name=search_term_string\"}],\"inLanguage\":\"fr-FR\"},{\"@type\":\"Organization\",\"@id\":\"https:\/\/amamantra.com\/#organization\",\"name\":\"Amamantra\",\"url\":\"https:\/\/amamantra.com\/\",\"logo\":{\"@type\":\"ImageObject\",\"inLanguage\":\"fr-FR\",\"@id\":\"https:\/\/amamantra.com\/#\/schema\/logo\/image\/\",\"url\":\"https:\/\/amamantra.com\/wp-content\/uploads\/2021\/04\/logo-amamantra.jpg\",\"contentUrl\":\"https:\/\/amamantra.com\/wp-content\/uploads\/2021\/04\/logo-amamantra.jpg\",\"width\":313,\"height\":79,\"caption\":\"Amamantra\"},\"image\":{\"@id\":\"https:\/\/amamantra.com\/#\/schema\/logo\/image\/\"}}]}<\/script>\n<!-- \/ Yoast SEO plugin. -->","yoast_head_json":{"title":"T shirt Papaya - Amamantra","description":"T-Shirt manches courtes papillon - Ouverture sur les c\u00f4t\u00e9s avec doublures - Couleur papaye\/orange","robots":{"index":"index","follow":"follow","max-snippet":"max-snippet:-1","max-image-preview":"max-image-preview:large","max-video-preview":"max-video-preview:-1"},"canonical":"https:\/\/amamantra.com\/produit\/t-shirt-bogota-pataya\/","og_locale":"fr_FR","og_type":"article","og_title":"T shirt Papaya - Amamantra","og_description":"T-Shirt manches courtes papillon - Ouverture sur les c\u00f4t\u00e9s avec doublures - Couleur papaye\/orange","og_url":"https:\/\/amamantra.com\/produit\/t-shirt-bogota-pataya\/","og_site_name":"Amamantra","article_modified_time":"2023-03-18T21:00:37+00:00","og_image":[{"width":960,"height":1200,"url":"https:\/\/amamantra.com\/wp-content\/uploads\/2021\/04\/tshirt-amamantra-bogota-pataya-1.jpg","type":"image\/jpeg"}],"twitter_card":"summary_large_image","twitter_misc":{"Dur\u00e9e de lecture estim\u00e9e":"1 minute"},"schema":{"@context":"https:\/\/schema.org","@graph":[{"@type":"WebPage","@id":"https:\/\/amamantra.com\/produit\/t-shirt-bogota-pataya\/","url":"https:\/\/amamantra.com\/produit\/t-shirt-bogota-pataya\/","name":"T shirt Papaya - Amamantra","isPartOf":{"@id":"https:\/\/amamantra.com\/#website"},"primaryImageOfPage":{"@id":"https:\/\/amamantra.com\/produit\/t-shirt-bogota-pataya\/#primaryimage"},"image":{"@id":"https:\/\/amamantra.com\/produit\/t-shirt-bogota-pataya\/#primaryimage"},"thumbnailUrl":"https:\/\/amamantra.com\/wp-content\/uploads\/2021\/04\/tshirt-amamantra-bogota-pataya-1.jpg","datePublished":"2022-02-08T12:58:31+00:00","dateModified":"2023-03-18T21:00:37+00:00","description":"T-Shirt manches courtes papillon - Ouverture sur les c\u00f4t\u00e9s avec doublures - Couleur papaye\/orange","breadcrumb":{"@id":"https:\/\/amamantra.com\/produit\/t-shirt-bogota-pataya\/#breadcrumb"},"inLanguage":"fr-FR","potentialAction":[{"@type":"ReadAction","target":["https:\/\/amamantra.com\/produit\/t-shirt-bogota-pataya\/"]}]},{"@type":"ImageObject","inLanguage":"fr-FR","@id":"https:\/\/amamantra.com\/produit\/t-shirt-bogota-pataya\/#primaryimage","url":"https:\/\/amamantra.com\/wp-content\/uploads\/2021\/04\/tshirt-amamantra-bogota-pataya-1.jpg","contentUrl":"https:\/\/amamantra.com\/wp-content\/uploads\/2021\/04\/tshirt-amamantra-bogota-pataya-1.jpg","width":960,"height":1200},{"@type":"BreadcrumbList","@id":"https:\/\/amamantra.com\/produit\/t-shirt-bogota-pataya\/#breadcrumb","itemListElement":[{"@type":"ListItem","position":1,"name":"Accueil","item":"https:\/\/amamantra.com\/"},{"@type":"ListItem","position":2,"name":"Shop","item":"https:\/\/amamantra.com\/le-shop\/"},{"@type":"ListItem","position":3,"name":"T shirt Papaya"}]},{"@type":"WebSite","@id":"https:\/\/amamantra.com\/#website","url":"https:\/\/amamantra.com\/","name":"Amamantra","description":"V\u00eatements de confort pour mamans allaitantes","publisher":{"@id":"https:\/\/amamantra.com\/#organization"},"potentialAction":[{"@type":"SearchAction","target":{"@type":"EntryPoint","urlTemplate":"https:\/\/amamantra.com\/?s={search_term_string}"},"query-input":"required name=search_term_string"}],"inLanguage":"fr-FR"},{"@type":"Organization","@id":"https:\/\/amamantra.com\/#organization","name":"Amamantra","url":"https:\/\/amamantra.com\/","logo":{"@type":"ImageObject","inLanguage":"fr-FR","@id":"https:\/\/amamantra.com\/#\/schema\/logo\/image\/","url":"https:\/\/amamantra.com\/wp-content\/uploads\/2021\/04\/logo-amamantra.jpg","contentUrl":"https:\/\/amamantra.com\/wp-content\/uploads\/2021\/04\/logo-amamantra.jpg","width":313,"height":79,"caption":"Amamantra"},"image":{"@id":"https:\/\/amamantra.com\/#\/schema\/logo\/image\/"}}]}},"lang":"fr","translations":{"fr":413},"pll_sync_post":[],"_links":{"self":[{"href":"https:\/\/amamantra.com\/wp-json\/wp\/v2\/product\/413"}],"collection":[{"href":"https:\/\/amamantra.com\/wp-json\/wp\/v2\/product"}],"about":[{"href":"https:\/\/amamantra.com\/wp-json\/wp\/v2\/types\/product"}],"wp:featuredmedia":[{"embeddable":true,"href":"https:\/\/amamantra.com\/wp-json\/wp\/v2\/media\/421"}],"wp:attachment":[{"href":"https:\/\/amamantra.com\/wp-json\/wp\/v2\/media?parent=413"}],"wp:term":[{"taxonomy":"product_cat","embeddable":true,"href":"https:\/\/amamantra.com\/wp-json\/wp\/v2\/product_cat?post=413"},{"taxonomy":"product_tag","embeddable":true,"href":"https:\/\/amamantra.com\/wp-json\/wp\/v2\/product_tag?post=413"}],"curies":[{"name":"wp","href":"https:\/\/api.w.org\/{rel}","templated":true}]}}