{"id":620,"date":"2021-06-06T18:34:49","date_gmt":"2021-06-06T16:34:49","guid":{"rendered":"https:\/\/amamantra.com\/?post_type=product&#038;p=620"},"modified":"2023-11-13T22:16:27","modified_gmt":"2023-11-13T21:16:27","slug":"savon-dulce-de-leche","status":"publish","type":"product","link":"https:\/\/amamantra.com\/produit\/savon-dulce-de-leche\/","title":{"rendered":"Savon"},"content":{"rendered":"<p>Vous retrouvez de l\u2019huile de coco, beurre de karit\u00e9, et de huile d\u2019amande douce pour une hydratation optimale des peaux les plus fragiles, surtout durant la grossesse !<\/p>\n<p><strong>Notre savon est :<\/strong><\/p>\n<ul>\n<li>100% naturel, sans conservateur et sans parab\u00e8ne ;<\/li>\n<li>\u00c9cologique et pr\u00e9serve la plan\u00e8te. Un savon artisanal est sans rejet dans l\u2019environnement et sans additif de synth\u00e8se. Nous avons le label NATURE &amp; PROGRES ;<\/li>\n<li>\u00c9conomique<\/li>\n<li>a un\u00a0surgraissage de 5 \u00e0 10%. Le surgras permet d\u2019hydrater la peau, et maintient ainsi l\u2019\u00e9quilibre du film hydro-lipidique de la peau.<\/li>\n<\/ul>\n<p>Les mati\u00e8res premi\u00e8res qui sont utilis\u00e9es sont naturelles et\/ou certifi\u00e9es BIO.<\/p>\n<p>Notre savon artisanal est r\u00e9alis\u00e9 selon la m\u00e9thode traditionnelle et ancestrale de saponification \u00e0 froid (SAF). Ce proc\u00e9d\u00e9 permet de garder toutes les propri\u00e9t\u00e9s de chaque ingr\u00e9dient\u00a0utilis\u00e9.<\/p>\n<p><strong>Ingr\u00e9dients :\u00a0<\/strong><\/p>\n<ul>\n<li>Sodium Shea Butterate* (beurre de Karit\u00e9),<\/li>\n<li>Sodium Cocoate* (huile de Coco),<\/li>\n<li>Aqua (eau),<\/li>\n<li>Sodium Rapeseedate* (huile de Colza**),<\/li>\n<li>Sodium Sunflowerseedate* (huile de tournesol**),<\/li>\n<li>Glycerin,<\/li>\n<li>Sodium Sweet Almondate* (huile d\u2019Amande Douce),<\/li>\n<li>Prunus Amygdalus Dulcis Oil* (huile d\u2019Amande Douce non saponifi\u00e9e),<\/li>\n<\/ul>\n<p><em>*Issu de l\u2019agriculture biologique<\/em><br \/>\n<em>**huiles de Vend\u00e9e<\/em><\/p>\n<p>A conserver \u00e0 l&#8217;abri de la lumi\u00e8re et de l&#8217;humidit\u00e9. 100g minimum avant emballage.<\/p>\n<p><em>Usage externe. Ne pas ing\u00e9rer. \u00c9viter\u00a0le contact avec les yeux. Bien rincer apr\u00e8s\u00a0utilisation.Ne pas utiliser en cas d&#8217;allergie \u00e0 l&#8217;un des composants.<\/em><\/p>\n","protected":false},"excerpt":{"rendered":"<p>Un savon pour toute la famille mais surtout pour les peaux les plus sensibles.<\/p>\n<p>Adapt\u00e9 pour les femmes enceintes, les mamallaitantes et les b\u00e9b\u00e9s, il ne contient pas d\u2019huiles essentielles, pas de parfum ajout\u00e9.<\/p>\n<p>Notre savon est fabriqu\u00e9 de mani\u00e8re artisanal et familial dans un petit village en Vend\u00e9e (saponification \u00e0 froid) avec des ingr\u00e9dients d\u2019origine naturelle et\/ou biologiques, et m\u00eame locaux. Il est certifi\u00e9 Nature et Progr\u00e8s.<\/p>\n","protected":false},"featured_media":1039,"template":"","meta":{"_acf_changed":false,"inline_featured_image":false},"product_cat":[54],"product_tag":[],"acf":[],"yoast_head":"<!-- This site is optimized with the Yoast SEO plugin v22.4 - https:\/\/yoast.com\/wordpress\/plugins\/seo\/ -->\n<title>Savon - Amamantra<\/title>\n<meta name=\"description\" content=\"Un savon pour toute la famille mais surtout pour les peaux les plus sensibles, les femmes enceintes, les mamallaitantes et les b\u00e9b\u00e9s.\" \/>\n<meta name=\"robots\" content=\"index, follow, max-snippet:-1, max-image-preview:large, max-video-preview:-1\" \/>\n<link rel=\"canonical\" href=\"https:\/\/amamantra.com\/produit\/savon-dulce-de-leche\/\" \/>\n<meta property=\"og:locale\" content=\"fr_FR\" \/>\n<meta property=\"og:type\" content=\"article\" \/>\n<meta property=\"og:title\" content=\"Savon - Amamantra\" \/>\n<meta property=\"og:description\" content=\"Un savon pour toute la famille mais surtout pour les peaux les plus sensibles, les femmes enceintes, les mamallaitantes et les b\u00e9b\u00e9s.\" \/>\n<meta property=\"og:url\" content=\"https:\/\/amamantra.com\/produit\/savon-dulce-de-leche\/\" \/>\n<meta property=\"og:site_name\" content=\"Amamantra\" \/>\n<meta property=\"article:modified_time\" content=\"2023-11-13T21:16:27+00:00\" \/>\n<meta property=\"og:image\" content=\"https:\/\/amamantra.com\/wp-content\/uploads\/2021\/06\/IMG_3186-300x300-1.jpg\" \/>\n\t<meta property=\"og:image:width\" content=\"399\" \/>\n\t<meta property=\"og:image:height\" content=\"400\" \/>\n\t<meta property=\"og:image:type\" content=\"image\/jpeg\" \/>\n<meta name=\"twitter:card\" content=\"summary_large_image\" \/>\n<meta name=\"twitter:label1\" content=\"Dur\u00e9e de lecture estim\u00e9e\" \/>\n\t<meta name=\"twitter:data1\" content=\"1 minute\" \/>\n<script type=\"application\/ld+json\" class=\"yoast-schema-graph\">{\"@context\":\"https:\/\/schema.org\",\"@graph\":[{\"@type\":\"WebPage\",\"@id\":\"https:\/\/amamantra.com\/produit\/savon-dulce-de-leche\/\",\"url\":\"https:\/\/amamantra.com\/produit\/savon-dulce-de-leche\/\",\"name\":\"Savon - Amamantra\",\"isPartOf\":{\"@id\":\"https:\/\/amamantra.com\/#website\"},\"primaryImageOfPage\":{\"@id\":\"https:\/\/amamantra.com\/produit\/savon-dulce-de-leche\/#primaryimage\"},\"image\":{\"@id\":\"https:\/\/amamantra.com\/produit\/savon-dulce-de-leche\/#primaryimage\"},\"thumbnailUrl\":\"https:\/\/amamantra.com\/wp-content\/uploads\/2021\/06\/IMG_3186-300x300-1.jpg\",\"datePublished\":\"2021-06-06T16:34:49+00:00\",\"dateModified\":\"2023-11-13T21:16:27+00:00\",\"description\":\"Un savon pour toute la famille mais surtout pour les peaux les plus sensibles, les femmes enceintes, les mamallaitantes et les b\u00e9b\u00e9s.\",\"breadcrumb\":{\"@id\":\"https:\/\/amamantra.com\/produit\/savon-dulce-de-leche\/#breadcrumb\"},\"inLanguage\":\"fr-FR\",\"potentialAction\":[{\"@type\":\"ReadAction\",\"target\":[\"https:\/\/amamantra.com\/produit\/savon-dulce-de-leche\/\"]}]},{\"@type\":\"ImageObject\",\"inLanguage\":\"fr-FR\",\"@id\":\"https:\/\/amamantra.com\/produit\/savon-dulce-de-leche\/#primaryimage\",\"url\":\"https:\/\/amamantra.com\/wp-content\/uploads\/2021\/06\/IMG_3186-300x300-1.jpg\",\"contentUrl\":\"https:\/\/amamantra.com\/wp-content\/uploads\/2021\/06\/IMG_3186-300x300-1.jpg\",\"width\":399,\"height\":400},{\"@type\":\"BreadcrumbList\",\"@id\":\"https:\/\/amamantra.com\/produit\/savon-dulce-de-leche\/#breadcrumb\",\"itemListElement\":[{\"@type\":\"ListItem\",\"position\":1,\"name\":\"Accueil\",\"item\":\"https:\/\/amamantra.com\/\"},{\"@type\":\"ListItem\",\"position\":2,\"name\":\"Shop\",\"item\":\"https:\/\/amamantra.com\/le-shop\/\"},{\"@type\":\"ListItem\",\"position\":3,\"name\":\"Savon\"}]},{\"@type\":\"WebSite\",\"@id\":\"https:\/\/amamantra.com\/#website\",\"url\":\"https:\/\/amamantra.com\/\",\"name\":\"Amamantra\",\"description\":\"V\u00eatements de confort pour mamans allaitantes\",\"publisher\":{\"@id\":\"https:\/\/amamantra.com\/#organization\"},\"potentialAction\":[{\"@type\":\"SearchAction\",\"target\":{\"@type\":\"EntryPoint\",\"urlTemplate\":\"https:\/\/amamantra.com\/?s={search_term_string}\"},\"query-input\":\"required name=search_term_string\"}],\"inLanguage\":\"fr-FR\"},{\"@type\":\"Organization\",\"@id\":\"https:\/\/amamantra.com\/#organization\",\"name\":\"Amamantra\",\"url\":\"https:\/\/amamantra.com\/\",\"logo\":{\"@type\":\"ImageObject\",\"inLanguage\":\"fr-FR\",\"@id\":\"https:\/\/amamantra.com\/#\/schema\/logo\/image\/\",\"url\":\"https:\/\/amamantra.com\/wp-content\/uploads\/2021\/04\/logo-amamantra.jpg\",\"contentUrl\":\"https:\/\/amamantra.com\/wp-content\/uploads\/2021\/04\/logo-amamantra.jpg\",\"width\":313,\"height\":79,\"caption\":\"Amamantra\"},\"image\":{\"@id\":\"https:\/\/amamantra.com\/#\/schema\/logo\/image\/\"}}]}<\/script>\n<!-- \/ Yoast SEO plugin. -->","yoast_head_json":{"title":"Savon - Amamantra","description":"Un savon pour toute la famille mais surtout pour les peaux les plus sensibles, les femmes enceintes, les mamallaitantes et les b\u00e9b\u00e9s.","robots":{"index":"index","follow":"follow","max-snippet":"max-snippet:-1","max-image-preview":"max-image-preview:large","max-video-preview":"max-video-preview:-1"},"canonical":"https:\/\/amamantra.com\/produit\/savon-dulce-de-leche\/","og_locale":"fr_FR","og_type":"article","og_title":"Savon - Amamantra","og_description":"Un savon pour toute la famille mais surtout pour les peaux les plus sensibles, les femmes enceintes, les mamallaitantes et les b\u00e9b\u00e9s.","og_url":"https:\/\/amamantra.com\/produit\/savon-dulce-de-leche\/","og_site_name":"Amamantra","article_modified_time":"2023-11-13T21:16:27+00:00","og_image":[{"width":399,"height":400,"url":"https:\/\/amamantra.com\/wp-content\/uploads\/2021\/06\/IMG_3186-300x300-1.jpg","type":"image\/jpeg"}],"twitter_card":"summary_large_image","twitter_misc":{"Dur\u00e9e de lecture estim\u00e9e":"1 minute"},"schema":{"@context":"https:\/\/schema.org","@graph":[{"@type":"WebPage","@id":"https:\/\/amamantra.com\/produit\/savon-dulce-de-leche\/","url":"https:\/\/amamantra.com\/produit\/savon-dulce-de-leche\/","name":"Savon - Amamantra","isPartOf":{"@id":"https:\/\/amamantra.com\/#website"},"primaryImageOfPage":{"@id":"https:\/\/amamantra.com\/produit\/savon-dulce-de-leche\/#primaryimage"},"image":{"@id":"https:\/\/amamantra.com\/produit\/savon-dulce-de-leche\/#primaryimage"},"thumbnailUrl":"https:\/\/amamantra.com\/wp-content\/uploads\/2021\/06\/IMG_3186-300x300-1.jpg","datePublished":"2021-06-06T16:34:49+00:00","dateModified":"2023-11-13T21:16:27+00:00","description":"Un savon pour toute la famille mais surtout pour les peaux les plus sensibles, les femmes enceintes, les mamallaitantes et les b\u00e9b\u00e9s.","breadcrumb":{"@id":"https:\/\/amamantra.com\/produit\/savon-dulce-de-leche\/#breadcrumb"},"inLanguage":"fr-FR","potentialAction":[{"@type":"ReadAction","target":["https:\/\/amamantra.com\/produit\/savon-dulce-de-leche\/"]}]},{"@type":"ImageObject","inLanguage":"fr-FR","@id":"https:\/\/amamantra.com\/produit\/savon-dulce-de-leche\/#primaryimage","url":"https:\/\/amamantra.com\/wp-content\/uploads\/2021\/06\/IMG_3186-300x300-1.jpg","contentUrl":"https:\/\/amamantra.com\/wp-content\/uploads\/2021\/06\/IMG_3186-300x300-1.jpg","width":399,"height":400},{"@type":"BreadcrumbList","@id":"https:\/\/amamantra.com\/produit\/savon-dulce-de-leche\/#breadcrumb","itemListElement":[{"@type":"ListItem","position":1,"name":"Accueil","item":"https:\/\/amamantra.com\/"},{"@type":"ListItem","position":2,"name":"Shop","item":"https:\/\/amamantra.com\/le-shop\/"},{"@type":"ListItem","position":3,"name":"Savon"}]},{"@type":"WebSite","@id":"https:\/\/amamantra.com\/#website","url":"https:\/\/amamantra.com\/","name":"Amamantra","description":"V\u00eatements de confort pour mamans allaitantes","publisher":{"@id":"https:\/\/amamantra.com\/#organization"},"potentialAction":[{"@type":"SearchAction","target":{"@type":"EntryPoint","urlTemplate":"https:\/\/amamantra.com\/?s={search_term_string}"},"query-input":"required name=search_term_string"}],"inLanguage":"fr-FR"},{"@type":"Organization","@id":"https:\/\/amamantra.com\/#organization","name":"Amamantra","url":"https:\/\/amamantra.com\/","logo":{"@type":"ImageObject","inLanguage":"fr-FR","@id":"https:\/\/amamantra.com\/#\/schema\/logo\/image\/","url":"https:\/\/amamantra.com\/wp-content\/uploads\/2021\/04\/logo-amamantra.jpg","contentUrl":"https:\/\/amamantra.com\/wp-content\/uploads\/2021\/04\/logo-amamantra.jpg","width":313,"height":79,"caption":"Amamantra"},"image":{"@id":"https:\/\/amamantra.com\/#\/schema\/logo\/image\/"}}]}},"lang":"fr","translations":{"fr":620},"pll_sync_post":[],"_links":{"self":[{"href":"https:\/\/amamantra.com\/wp-json\/wp\/v2\/product\/620"}],"collection":[{"href":"https:\/\/amamantra.com\/wp-json\/wp\/v2\/product"}],"about":[{"href":"https:\/\/amamantra.com\/wp-json\/wp\/v2\/types\/product"}],"wp:featuredmedia":[{"embeddable":true,"href":"https:\/\/amamantra.com\/wp-json\/wp\/v2\/media\/1039"}],"wp:attachment":[{"href":"https:\/\/amamantra.com\/wp-json\/wp\/v2\/media?parent=620"}],"wp:term":[{"taxonomy":"product_cat","embeddable":true,"href":"https:\/\/amamantra.com\/wp-json\/wp\/v2\/product_cat?post=620"},{"taxonomy":"product_tag","embeddable":true,"href":"https:\/\/amamantra.com\/wp-json\/wp\/v2\/product_tag?post=620"}],"curies":[{"name":"wp","href":"https:\/\/api.w.org\/{rel}","templated":true}]}}