{"id":673,"date":"2021-06-18T10:56:26","date_gmt":"2021-06-18T08:56:26","guid":{"rendered":"https:\/\/amamantra.com\/?post_type=product&#038;p=673"},"modified":"2022-01-27T22:52:38","modified_gmt":"2022-01-27T21:52:38","slug":"grande-tasse","status":"publish","type":"product","link":"https:\/\/amamantra.com\/produit\/grande-tasse\/","title":{"rendered":"Grande tasse"},"content":{"rendered":"<p><strong>D\u00e9tails :<\/strong><\/p>\n<p>En gr\u00e8s avec un \u00e9mail naturel (gris beige) et brillant.<\/p>\n<p>L&#8217;\u00e9mail est compos\u00e9 de minerais naturels sans aucune dangerosit\u00e9 (feldspath, terre et\u00a0chaux)<\/p>\n<p>La flamme du four \u00e0 gaz l\u00e8che donne \u00e0 chaque pi\u00e8ce des traces singuli\u00e8res.<\/p>\n<p>Logo Amamantra tamponn\u00e9 \u00e0 la main.<\/p>\n<p>Made in France.<\/p>\n<p>Signature de la c\u00e9ramiste en dessous de la tasse.<\/p>\n<p>Contenance : 350 ml environ<\/p>\n<p>&nbsp;<\/p>\n<p><strong>Utilisation &amp; entretien :<\/strong><\/p>\n<p>&#8211; Passe au lave-vaisselle<\/p>\n<p>&#8211; Passe au micro-ondes<\/p>\n<p>&#8211; Ne pas utiliser au four<\/p>\n<p><em>Manipulez-la avec soin et pr\u00e9caution, en \u00e9vitant les chocs contre votre lave-vaisselle ou d\u2019autres tasses.<\/em><\/p>\n<p>&nbsp;<\/p>\n<p style=\"text-align: center;\"><strong>NB : <\/strong><\/p>\n<p style=\"text-align: center;\"><em>Comme tout produit de fabrication artisanale, <\/em><\/p>\n<p style=\"text-align: center;\"><em>ces pi\u00e8ces peuvent avoir de l\u00e9g\u00e8res variations de forme, de couleur et d\u2019\u00e9paisseur. <\/em><\/p>\n<p style=\"text-align: center;\"><em>Chaque tasse est unique.<\/em><\/p>\n","protected":false},"excerpt":{"rendered":"<p>La grande tasse parfaite pour boire vos tisanes d\u2019allaitement !<\/p>\n<p>(Et plus si affinit\u00e9s.)<\/p>\n<p><strong>Savoir faire :<\/strong><br \/>\nElles sont fabriqu\u00e9es avec amour et passion par H\u00e9l\u00e8ne (c\u00e9ramiste) dans son atelier \u00e0 Mouchamps en Vend\u00e9e.<\/p>\n<p>Chaque tasse en gr\u00e8s et est r\u00e9alis\u00e9e gr\u00e2ce \u00e0 la technique de tournage \u00e0 la main, avant d\u2019\u00eatre cuite et \u00e9maill\u00e9e pour r\u00e9v\u00e9ler sa couleur.<\/p>\n","protected":false},"featured_media":791,"template":"","meta":{"_acf_changed":false,"inline_featured_image":false},"product_cat":[53],"product_tag":[],"acf":[],"yoast_head":"<!-- This site is optimized with the Yoast SEO plugin v22.4 - https:\/\/yoast.com\/wordpress\/plugins\/seo\/ -->\n<title>Grande tasse - Amamantra<\/title>\n<meta name=\"description\" content=\"La grande tasse en c\u00e9ramique Amamantra fait main en Vend\u00e9e. Parfaite pour vos tisanes d&#039;allaitement !\" \/>\n<meta name=\"robots\" content=\"index, follow, max-snippet:-1, max-image-preview:large, max-video-preview:-1\" \/>\n<link rel=\"canonical\" href=\"https:\/\/amamantra.com\/produit\/grande-tasse\/\" \/>\n<meta property=\"og:locale\" content=\"fr_FR\" \/>\n<meta property=\"og:type\" content=\"article\" \/>\n<meta property=\"og:title\" content=\"Grande tasse - Amamantra\" \/>\n<meta property=\"og:description\" content=\"La grande tasse en c\u00e9ramique Amamantra fait main en Vend\u00e9e. Parfaite pour vos tisanes d&#039;allaitement !\" \/>\n<meta property=\"og:url\" content=\"https:\/\/amamantra.com\/produit\/grande-tasse\/\" \/>\n<meta property=\"og:site_name\" content=\"Amamantra\" \/>\n<meta property=\"article:modified_time\" content=\"2022-01-27T21:52:38+00:00\" \/>\n<meta property=\"og:image\" content=\"https:\/\/amamantra.com\/wp-content\/uploads\/2021\/06\/tasse-gres-tisane-amamantra.jpg\" \/>\n\t<meta property=\"og:image:width\" content=\"960\" \/>\n\t<meta property=\"og:image:height\" content=\"1200\" \/>\n\t<meta property=\"og:image:type\" content=\"image\/jpeg\" \/>\n<meta name=\"twitter:card\" content=\"summary_large_image\" \/>\n<meta name=\"twitter:label1\" content=\"Dur\u00e9e de lecture estim\u00e9e\" \/>\n\t<meta name=\"twitter:data1\" content=\"1 minute\" \/>\n<script type=\"application\/ld+json\" class=\"yoast-schema-graph\">{\"@context\":\"https:\/\/schema.org\",\"@graph\":[{\"@type\":\"WebPage\",\"@id\":\"https:\/\/amamantra.com\/produit\/grande-tasse\/\",\"url\":\"https:\/\/amamantra.com\/produit\/grande-tasse\/\",\"name\":\"Grande tasse - Amamantra\",\"isPartOf\":{\"@id\":\"https:\/\/amamantra.com\/#website\"},\"primaryImageOfPage\":{\"@id\":\"https:\/\/amamantra.com\/produit\/grande-tasse\/#primaryimage\"},\"image\":{\"@id\":\"https:\/\/amamantra.com\/produit\/grande-tasse\/#primaryimage\"},\"thumbnailUrl\":\"https:\/\/amamantra.com\/wp-content\/uploads\/2021\/06\/tasse-gres-tisane-amamantra.jpg\",\"datePublished\":\"2021-06-18T08:56:26+00:00\",\"dateModified\":\"2022-01-27T21:52:38+00:00\",\"description\":\"La grande tasse en c\u00e9ramique Amamantra fait main en Vend\u00e9e. Parfaite pour vos tisanes d'allaitement !\",\"breadcrumb\":{\"@id\":\"https:\/\/amamantra.com\/produit\/grande-tasse\/#breadcrumb\"},\"inLanguage\":\"fr-FR\",\"potentialAction\":[{\"@type\":\"ReadAction\",\"target\":[\"https:\/\/amamantra.com\/produit\/grande-tasse\/\"]}]},{\"@type\":\"ImageObject\",\"inLanguage\":\"fr-FR\",\"@id\":\"https:\/\/amamantra.com\/produit\/grande-tasse\/#primaryimage\",\"url\":\"https:\/\/amamantra.com\/wp-content\/uploads\/2021\/06\/tasse-gres-tisane-amamantra.jpg\",\"contentUrl\":\"https:\/\/amamantra.com\/wp-content\/uploads\/2021\/06\/tasse-gres-tisane-amamantra.jpg\",\"width\":960,\"height\":1200},{\"@type\":\"BreadcrumbList\",\"@id\":\"https:\/\/amamantra.com\/produit\/grande-tasse\/#breadcrumb\",\"itemListElement\":[{\"@type\":\"ListItem\",\"position\":1,\"name\":\"Accueil\",\"item\":\"https:\/\/amamantra.com\/\"},{\"@type\":\"ListItem\",\"position\":2,\"name\":\"Shop\",\"item\":\"https:\/\/amamantra.com\/le-shop\/\"},{\"@type\":\"ListItem\",\"position\":3,\"name\":\"Grande tasse\"}]},{\"@type\":\"WebSite\",\"@id\":\"https:\/\/amamantra.com\/#website\",\"url\":\"https:\/\/amamantra.com\/\",\"name\":\"Amamantra\",\"description\":\"V\u00eatements de confort pour mamans allaitantes\",\"publisher\":{\"@id\":\"https:\/\/amamantra.com\/#organization\"},\"potentialAction\":[{\"@type\":\"SearchAction\",\"target\":{\"@type\":\"EntryPoint\",\"urlTemplate\":\"https:\/\/amamantra.com\/?s={search_term_string}\"},\"query-input\":\"required name=search_term_string\"}],\"inLanguage\":\"fr-FR\"},{\"@type\":\"Organization\",\"@id\":\"https:\/\/amamantra.com\/#organization\",\"name\":\"Amamantra\",\"url\":\"https:\/\/amamantra.com\/\",\"logo\":{\"@type\":\"ImageObject\",\"inLanguage\":\"fr-FR\",\"@id\":\"https:\/\/amamantra.com\/#\/schema\/logo\/image\/\",\"url\":\"https:\/\/amamantra.com\/wp-content\/uploads\/2021\/04\/logo-amamantra.jpg\",\"contentUrl\":\"https:\/\/amamantra.com\/wp-content\/uploads\/2021\/04\/logo-amamantra.jpg\",\"width\":313,\"height\":79,\"caption\":\"Amamantra\"},\"image\":{\"@id\":\"https:\/\/amamantra.com\/#\/schema\/logo\/image\/\"}}]}<\/script>\n<!-- \/ Yoast SEO plugin. -->","yoast_head_json":{"title":"Grande tasse - Amamantra","description":"La grande tasse en c\u00e9ramique Amamantra fait main en Vend\u00e9e. Parfaite pour vos tisanes d'allaitement !","robots":{"index":"index","follow":"follow","max-snippet":"max-snippet:-1","max-image-preview":"max-image-preview:large","max-video-preview":"max-video-preview:-1"},"canonical":"https:\/\/amamantra.com\/produit\/grande-tasse\/","og_locale":"fr_FR","og_type":"article","og_title":"Grande tasse - Amamantra","og_description":"La grande tasse en c\u00e9ramique Amamantra fait main en Vend\u00e9e. Parfaite pour vos tisanes d'allaitement !","og_url":"https:\/\/amamantra.com\/produit\/grande-tasse\/","og_site_name":"Amamantra","article_modified_time":"2022-01-27T21:52:38+00:00","og_image":[{"width":960,"height":1200,"url":"https:\/\/amamantra.com\/wp-content\/uploads\/2021\/06\/tasse-gres-tisane-amamantra.jpg","type":"image\/jpeg"}],"twitter_card":"summary_large_image","twitter_misc":{"Dur\u00e9e de lecture estim\u00e9e":"1 minute"},"schema":{"@context":"https:\/\/schema.org","@graph":[{"@type":"WebPage","@id":"https:\/\/amamantra.com\/produit\/grande-tasse\/","url":"https:\/\/amamantra.com\/produit\/grande-tasse\/","name":"Grande tasse - Amamantra","isPartOf":{"@id":"https:\/\/amamantra.com\/#website"},"primaryImageOfPage":{"@id":"https:\/\/amamantra.com\/produit\/grande-tasse\/#primaryimage"},"image":{"@id":"https:\/\/amamantra.com\/produit\/grande-tasse\/#primaryimage"},"thumbnailUrl":"https:\/\/amamantra.com\/wp-content\/uploads\/2021\/06\/tasse-gres-tisane-amamantra.jpg","datePublished":"2021-06-18T08:56:26+00:00","dateModified":"2022-01-27T21:52:38+00:00","description":"La grande tasse en c\u00e9ramique Amamantra fait main en Vend\u00e9e. Parfaite pour vos tisanes d'allaitement !","breadcrumb":{"@id":"https:\/\/amamantra.com\/produit\/grande-tasse\/#breadcrumb"},"inLanguage":"fr-FR","potentialAction":[{"@type":"ReadAction","target":["https:\/\/amamantra.com\/produit\/grande-tasse\/"]}]},{"@type":"ImageObject","inLanguage":"fr-FR","@id":"https:\/\/amamantra.com\/produit\/grande-tasse\/#primaryimage","url":"https:\/\/amamantra.com\/wp-content\/uploads\/2021\/06\/tasse-gres-tisane-amamantra.jpg","contentUrl":"https:\/\/amamantra.com\/wp-content\/uploads\/2021\/06\/tasse-gres-tisane-amamantra.jpg","width":960,"height":1200},{"@type":"BreadcrumbList","@id":"https:\/\/amamantra.com\/produit\/grande-tasse\/#breadcrumb","itemListElement":[{"@type":"ListItem","position":1,"name":"Accueil","item":"https:\/\/amamantra.com\/"},{"@type":"ListItem","position":2,"name":"Shop","item":"https:\/\/amamantra.com\/le-shop\/"},{"@type":"ListItem","position":3,"name":"Grande tasse"}]},{"@type":"WebSite","@id":"https:\/\/amamantra.com\/#website","url":"https:\/\/amamantra.com\/","name":"Amamantra","description":"V\u00eatements de confort pour mamans allaitantes","publisher":{"@id":"https:\/\/amamantra.com\/#organization"},"potentialAction":[{"@type":"SearchAction","target":{"@type":"EntryPoint","urlTemplate":"https:\/\/amamantra.com\/?s={search_term_string}"},"query-input":"required name=search_term_string"}],"inLanguage":"fr-FR"},{"@type":"Organization","@id":"https:\/\/amamantra.com\/#organization","name":"Amamantra","url":"https:\/\/amamantra.com\/","logo":{"@type":"ImageObject","inLanguage":"fr-FR","@id":"https:\/\/amamantra.com\/#\/schema\/logo\/image\/","url":"https:\/\/amamantra.com\/wp-content\/uploads\/2021\/04\/logo-amamantra.jpg","contentUrl":"https:\/\/amamantra.com\/wp-content\/uploads\/2021\/04\/logo-amamantra.jpg","width":313,"height":79,"caption":"Amamantra"},"image":{"@id":"https:\/\/amamantra.com\/#\/schema\/logo\/image\/"}}]}},"lang":"fr","translations":{"fr":673},"pll_sync_post":[],"_links":{"self":[{"href":"https:\/\/amamantra.com\/wp-json\/wp\/v2\/product\/673"}],"collection":[{"href":"https:\/\/amamantra.com\/wp-json\/wp\/v2\/product"}],"about":[{"href":"https:\/\/amamantra.com\/wp-json\/wp\/v2\/types\/product"}],"wp:featuredmedia":[{"embeddable":true,"href":"https:\/\/amamantra.com\/wp-json\/wp\/v2\/media\/791"}],"wp:attachment":[{"href":"https:\/\/amamantra.com\/wp-json\/wp\/v2\/media?parent=673"}],"wp:term":[{"taxonomy":"product_cat","embeddable":true,"href":"https:\/\/amamantra.com\/wp-json\/wp\/v2\/product_cat?post=673"},{"taxonomy":"product_tag","embeddable":true,"href":"https:\/\/amamantra.com\/wp-json\/wp\/v2\/product_tag?post=673"}],"curies":[{"name":"wp","href":"https:\/\/api.w.org\/{rel}","templated":true}]}}