{"id":856,"date":"2021-10-12T20:00:59","date_gmt":"2021-10-12T18:00:59","guid":{"rendered":"https:\/\/amamantra.com\/?post_type=product&#038;p=856"},"modified":"2023-12-11T08:41:59","modified_gmt":"2023-12-11T07:41:59","slug":"sweat-vertdeau","status":"publish","type":"product","link":"https:\/\/amamantra.com\/produit\/sweat-vertdeau\/","title":{"rendered":"Sweat Vert d&#8217;eau\/Sapin"},"content":{"rendered":"<p><strong>Le petit conseil :<\/strong><\/p>\n<p>Ce sweat trouvera facilement sa place dans votre dressing. Il se porte aussi bien habill\u00e9 que d\u00e9contract\u00e9. A la maison ou au travail il saura vous mettre en valeur ! Une couleur pleine de douceur, qui convient \u00e0 toutes les carnations et facile \u00e0 assortir.<\/p>\n<p><strong>Composition :<\/strong><\/p>\n<p>80% polyester recycl\u00e9, 20% \u00e9lasthanne<\/p>\n<p><strong>Informations compl\u00e9mentaires :<\/strong><\/p>\n<p>Broderie sur le c\u0153ur<br \/>\nLavage 30\u00b0C conseill\u00e9, repassage sur l\u2019envers maximum 110\u00b0C<\/p>\n<p>Ce v\u00eatement a \u00e9t\u00e9 cr\u00e9\u00e9 et fabriqu\u00e9 en France en tissu upcycl\u00e9 et avec amour.<br \/>\nLa broderie est r\u00e9alis\u00e9e dans un atelier vend\u00e9en.<\/p>\n<p><em>NB : Vos v\u00eatements Amamantra disposent d\u2019ouvertures lat\u00e9rales discr\u00e8tes et ne n\u00e9cessitent pas de syst\u00e8me de fermeture compl\u00e9mentaire.<\/em><\/p>\n","protected":false},"excerpt":{"rendered":"<p><strong>Collection Cartagena<\/strong><\/p>\n<p>Un sweat col rond aussi joli que confortable<br \/>\nUne coupe f\u00e9minine qui ravira toutes les\u00a0morphologies.<br \/>\nGrossesse friendly.<br \/>\nOuvertures lat\u00e9rales avec syst\u00e8me de doublures.<br \/>\nCouleur vert d\u2019eau.<br \/>\nPassepoil velours sapin sur le col et broderie logo vert sapin.<\/p>\n<p>&nbsp;<\/p>\n","protected":false},"featured_media":1035,"template":"","meta":{"_acf_changed":false,"inline_featured_image":false},"product_cat":[66],"product_tag":[],"acf":[],"yoast_head":"<!-- This site is optimized with the Yoast SEO plugin v22.4 - https:\/\/yoast.com\/wordpress\/plugins\/seo\/ -->\n<title>Sweat Vert d&#039;eau\/Sapin - Amamantra<\/title>\n<meta name=\"description\" content=\"Sweat d&#039;allaitement vert d&#039;eau avec passepoil et broderie vert sapin, grossesse friendly. Fabriqu\u00e9 en France avec amour en tissu upcycl\u00e9.\" \/>\n<meta name=\"robots\" content=\"index, follow, max-snippet:-1, max-image-preview:large, max-video-preview:-1\" \/>\n<link rel=\"canonical\" href=\"https:\/\/amamantra.com\/produit\/sweat-vertdeau\/\" \/>\n<meta property=\"og:locale\" content=\"fr_FR\" \/>\n<meta property=\"og:type\" content=\"article\" \/>\n<meta property=\"og:title\" content=\"Sweat Vert d&#039;eau\/Sapin - Amamantra\" \/>\n<meta property=\"og:description\" content=\"Sweat d&#039;allaitement vert d&#039;eau avec passepoil et broderie vert sapin, grossesse friendly. Fabriqu\u00e9 en France avec amour en tissu upcycl\u00e9.\" \/>\n<meta property=\"og:url\" content=\"https:\/\/amamantra.com\/produit\/sweat-vertdeau\/\" \/>\n<meta property=\"og:site_name\" content=\"Amamantra\" \/>\n<meta property=\"article:modified_time\" content=\"2023-12-11T07:41:59+00:00\" \/>\n<meta property=\"og:image\" content=\"https:\/\/amamantra.com\/wp-content\/uploads\/2021\/10\/IMG_7591-1.jpg\" \/>\n\t<meta property=\"og:image:width\" content=\"800\" \/>\n\t<meta property=\"og:image:height\" content=\"801\" \/>\n\t<meta property=\"og:image:type\" content=\"image\/jpeg\" \/>\n<meta name=\"twitter:card\" content=\"summary_large_image\" \/>\n<meta name=\"twitter:label1\" content=\"Dur\u00e9e de lecture estim\u00e9e\" \/>\n\t<meta name=\"twitter:data1\" content=\"1 minute\" \/>\n<script type=\"application\/ld+json\" class=\"yoast-schema-graph\">{\"@context\":\"https:\/\/schema.org\",\"@graph\":[{\"@type\":\"WebPage\",\"@id\":\"https:\/\/amamantra.com\/produit\/sweat-vertdeau\/\",\"url\":\"https:\/\/amamantra.com\/produit\/sweat-vertdeau\/\",\"name\":\"Sweat Vert d'eau\/Sapin - Amamantra\",\"isPartOf\":{\"@id\":\"https:\/\/amamantra.com\/#website\"},\"primaryImageOfPage\":{\"@id\":\"https:\/\/amamantra.com\/produit\/sweat-vertdeau\/#primaryimage\"},\"image\":{\"@id\":\"https:\/\/amamantra.com\/produit\/sweat-vertdeau\/#primaryimage\"},\"thumbnailUrl\":\"https:\/\/amamantra.com\/wp-content\/uploads\/2021\/10\/IMG_7591-1.jpg\",\"datePublished\":\"2021-10-12T18:00:59+00:00\",\"dateModified\":\"2023-12-11T07:41:59+00:00\",\"description\":\"Sweat d'allaitement vert d'eau avec passepoil et broderie vert sapin, grossesse friendly. Fabriqu\u00e9 en France avec amour en tissu upcycl\u00e9.\",\"breadcrumb\":{\"@id\":\"https:\/\/amamantra.com\/produit\/sweat-vertdeau\/#breadcrumb\"},\"inLanguage\":\"fr-FR\",\"potentialAction\":[{\"@type\":\"ReadAction\",\"target\":[\"https:\/\/amamantra.com\/produit\/sweat-vertdeau\/\"]}]},{\"@type\":\"ImageObject\",\"inLanguage\":\"fr-FR\",\"@id\":\"https:\/\/amamantra.com\/produit\/sweat-vertdeau\/#primaryimage\",\"url\":\"https:\/\/amamantra.com\/wp-content\/uploads\/2021\/10\/IMG_7591-1.jpg\",\"contentUrl\":\"https:\/\/amamantra.com\/wp-content\/uploads\/2021\/10\/IMG_7591-1.jpg\",\"width\":800,\"height\":801},{\"@type\":\"BreadcrumbList\",\"@id\":\"https:\/\/amamantra.com\/produit\/sweat-vertdeau\/#breadcrumb\",\"itemListElement\":[{\"@type\":\"ListItem\",\"position\":1,\"name\":\"Accueil\",\"item\":\"https:\/\/amamantra.com\/\"},{\"@type\":\"ListItem\",\"position\":2,\"name\":\"Shop\",\"item\":\"https:\/\/amamantra.com\/le-shop\/\"},{\"@type\":\"ListItem\",\"position\":3,\"name\":\"Sweat Vert d&#8217;eau\/Sapin\"}]},{\"@type\":\"WebSite\",\"@id\":\"https:\/\/amamantra.com\/#website\",\"url\":\"https:\/\/amamantra.com\/\",\"name\":\"Amamantra\",\"description\":\"V\u00eatements de confort pour mamans allaitantes\",\"publisher\":{\"@id\":\"https:\/\/amamantra.com\/#organization\"},\"potentialAction\":[{\"@type\":\"SearchAction\",\"target\":{\"@type\":\"EntryPoint\",\"urlTemplate\":\"https:\/\/amamantra.com\/?s={search_term_string}\"},\"query-input\":\"required name=search_term_string\"}],\"inLanguage\":\"fr-FR\"},{\"@type\":\"Organization\",\"@id\":\"https:\/\/amamantra.com\/#organization\",\"name\":\"Amamantra\",\"url\":\"https:\/\/amamantra.com\/\",\"logo\":{\"@type\":\"ImageObject\",\"inLanguage\":\"fr-FR\",\"@id\":\"https:\/\/amamantra.com\/#\/schema\/logo\/image\/\",\"url\":\"https:\/\/amamantra.com\/wp-content\/uploads\/2021\/04\/logo-amamantra.jpg\",\"contentUrl\":\"https:\/\/amamantra.com\/wp-content\/uploads\/2021\/04\/logo-amamantra.jpg\",\"width\":313,\"height\":79,\"caption\":\"Amamantra\"},\"image\":{\"@id\":\"https:\/\/amamantra.com\/#\/schema\/logo\/image\/\"}}]}<\/script>\n<!-- \/ Yoast SEO plugin. -->","yoast_head_json":{"title":"Sweat Vert d'eau\/Sapin - Amamantra","description":"Sweat d'allaitement vert d'eau avec passepoil et broderie vert sapin, grossesse friendly. Fabriqu\u00e9 en France avec amour en tissu upcycl\u00e9.","robots":{"index":"index","follow":"follow","max-snippet":"max-snippet:-1","max-image-preview":"max-image-preview:large","max-video-preview":"max-video-preview:-1"},"canonical":"https:\/\/amamantra.com\/produit\/sweat-vertdeau\/","og_locale":"fr_FR","og_type":"article","og_title":"Sweat Vert d'eau\/Sapin - Amamantra","og_description":"Sweat d'allaitement vert d'eau avec passepoil et broderie vert sapin, grossesse friendly. Fabriqu\u00e9 en France avec amour en tissu upcycl\u00e9.","og_url":"https:\/\/amamantra.com\/produit\/sweat-vertdeau\/","og_site_name":"Amamantra","article_modified_time":"2023-12-11T07:41:59+00:00","og_image":[{"width":800,"height":801,"url":"https:\/\/amamantra.com\/wp-content\/uploads\/2021\/10\/IMG_7591-1.jpg","type":"image\/jpeg"}],"twitter_card":"summary_large_image","twitter_misc":{"Dur\u00e9e de lecture estim\u00e9e":"1 minute"},"schema":{"@context":"https:\/\/schema.org","@graph":[{"@type":"WebPage","@id":"https:\/\/amamantra.com\/produit\/sweat-vertdeau\/","url":"https:\/\/amamantra.com\/produit\/sweat-vertdeau\/","name":"Sweat Vert d'eau\/Sapin - Amamantra","isPartOf":{"@id":"https:\/\/amamantra.com\/#website"},"primaryImageOfPage":{"@id":"https:\/\/amamantra.com\/produit\/sweat-vertdeau\/#primaryimage"},"image":{"@id":"https:\/\/amamantra.com\/produit\/sweat-vertdeau\/#primaryimage"},"thumbnailUrl":"https:\/\/amamantra.com\/wp-content\/uploads\/2021\/10\/IMG_7591-1.jpg","datePublished":"2021-10-12T18:00:59+00:00","dateModified":"2023-12-11T07:41:59+00:00","description":"Sweat d'allaitement vert d'eau avec passepoil et broderie vert sapin, grossesse friendly. Fabriqu\u00e9 en France avec amour en tissu upcycl\u00e9.","breadcrumb":{"@id":"https:\/\/amamantra.com\/produit\/sweat-vertdeau\/#breadcrumb"},"inLanguage":"fr-FR","potentialAction":[{"@type":"ReadAction","target":["https:\/\/amamantra.com\/produit\/sweat-vertdeau\/"]}]},{"@type":"ImageObject","inLanguage":"fr-FR","@id":"https:\/\/amamantra.com\/produit\/sweat-vertdeau\/#primaryimage","url":"https:\/\/amamantra.com\/wp-content\/uploads\/2021\/10\/IMG_7591-1.jpg","contentUrl":"https:\/\/amamantra.com\/wp-content\/uploads\/2021\/10\/IMG_7591-1.jpg","width":800,"height":801},{"@type":"BreadcrumbList","@id":"https:\/\/amamantra.com\/produit\/sweat-vertdeau\/#breadcrumb","itemListElement":[{"@type":"ListItem","position":1,"name":"Accueil","item":"https:\/\/amamantra.com\/"},{"@type":"ListItem","position":2,"name":"Shop","item":"https:\/\/amamantra.com\/le-shop\/"},{"@type":"ListItem","position":3,"name":"Sweat Vert d&#8217;eau\/Sapin"}]},{"@type":"WebSite","@id":"https:\/\/amamantra.com\/#website","url":"https:\/\/amamantra.com\/","name":"Amamantra","description":"V\u00eatements de confort pour mamans allaitantes","publisher":{"@id":"https:\/\/amamantra.com\/#organization"},"potentialAction":[{"@type":"SearchAction","target":{"@type":"EntryPoint","urlTemplate":"https:\/\/amamantra.com\/?s={search_term_string}"},"query-input":"required name=search_term_string"}],"inLanguage":"fr-FR"},{"@type":"Organization","@id":"https:\/\/amamantra.com\/#organization","name":"Amamantra","url":"https:\/\/amamantra.com\/","logo":{"@type":"ImageObject","inLanguage":"fr-FR","@id":"https:\/\/amamantra.com\/#\/schema\/logo\/image\/","url":"https:\/\/amamantra.com\/wp-content\/uploads\/2021\/04\/logo-amamantra.jpg","contentUrl":"https:\/\/amamantra.com\/wp-content\/uploads\/2021\/04\/logo-amamantra.jpg","width":313,"height":79,"caption":"Amamantra"},"image":{"@id":"https:\/\/amamantra.com\/#\/schema\/logo\/image\/"}}]}},"lang":"fr","translations":{"fr":856},"pll_sync_post":[],"_links":{"self":[{"href":"https:\/\/amamantra.com\/wp-json\/wp\/v2\/product\/856"}],"collection":[{"href":"https:\/\/amamantra.com\/wp-json\/wp\/v2\/product"}],"about":[{"href":"https:\/\/amamantra.com\/wp-json\/wp\/v2\/types\/product"}],"wp:featuredmedia":[{"embeddable":true,"href":"https:\/\/amamantra.com\/wp-json\/wp\/v2\/media\/1035"}],"wp:attachment":[{"href":"https:\/\/amamantra.com\/wp-json\/wp\/v2\/media?parent=856"}],"wp:term":[{"taxonomy":"product_cat","embeddable":true,"href":"https:\/\/amamantra.com\/wp-json\/wp\/v2\/product_cat?post=856"},{"taxonomy":"product_tag","embeddable":true,"href":"https:\/\/amamantra.com\/wp-json\/wp\/v2\/product_tag?post=856"}],"curies":[{"name":"wp","href":"https:\/\/api.w.org\/{rel}","templated":true}]}}