{"id":858,"date":"2021-10-12T20:00:45","date_gmt":"2021-10-12T18:00:45","guid":{"rendered":"https:\/\/amamantra.com\/?post_type=product&#038;p=858"},"modified":"2023-12-18T13:05:07","modified_gmt":"2023-12-18T12:05:07","slug":"sweatboisderose","status":"publish","type":"product","link":"https:\/\/amamantra.com\/produit\/sweatboisderose\/","title":{"rendered":"Sweat Bois de Rose"},"content":{"rendered":"<p><strong>Le petit conseil :<\/strong><\/p>\n<p>Ce sweat joyeux et vitamin\u00e9 illuminera votre hiver. Il se porte aussi bien\u00a0de fa\u00e7on habill\u00e9e que d\u00e9contract\u00e9e. A la maison ou au travail il saura vous mettre en valeur !<\/p>\n<p><strong>Composition<\/strong> :<br \/>\n80% polyester recycl\u00e9, 20% \u00e9lasthanne<\/p>\n<p><strong>Informations compl\u00e9mentaires :<\/strong><\/p>\n<p>S\u00e9rigraphie sur le c\u0153ur<br \/>\nLavage 30\u00b0C conseill\u00e9, repassage sur l\u2019envers maximum 110\u00b0C<\/p>\n<p>Ce v\u00eatement a \u00e9t\u00e9 cr\u00e9\u00e9 et fabriqu\u00e9 en France en tissu upcycl\u00e9 et avec amour.<br \/>\nLa s\u00e9rigraphie est r\u00e9alis\u00e9e dans un atelier vend\u00e9en.<\/p>\n<p><em>NB : Vos v\u00eatements Amamantra disposent d\u2019ouvertures lat\u00e9rales discr\u00e8tes et ne n\u00e9cessitent pas de syst\u00e8me de fermeture compl\u00e9mentaire.<\/em><\/p>\n","protected":false},"excerpt":{"rendered":"<p><strong>Collection Cartagena<\/strong><\/p>\n<p>Un sweat col rond aussi joli que confortable<br \/>\nUne coupe f\u00e9minine qui ravira toutes les morphologies.<br \/>\nGrossesse friendly.<br \/>\nOuvertures lat\u00e9rales avec syst\u00e8me de doublures.<br \/>\nCouleur Bois de Rose.<br \/>\nPassepoil fuchsia sur le col et s\u00e9rigraphie \u00ab Hola Guapa \u00bb.<\/p>\n","protected":false},"featured_media":1040,"template":"","meta":{"_acf_changed":false,"inline_featured_image":false},"product_cat":[66],"product_tag":[],"acf":[],"yoast_head":"<!-- This site is optimized with the Yoast SEO plugin v22.4 - https:\/\/yoast.com\/wordpress\/plugins\/seo\/ -->\n<title>Sweat Bois de Rose - Amamantra<\/title>\n<meta name=\"description\" content=\"Sweat d&#039;allaitement Bois de Rose avec passepoil fuchsia et s\u00e9rigraphie Hola Guapa, grossesse friendly. Fabriqu\u00e9 en France avec amour en tissu upcycl\u00e9.\" \/>\n<meta name=\"robots\" content=\"index, follow, max-snippet:-1, max-image-preview:large, max-video-preview:-1\" \/>\n<link rel=\"canonical\" href=\"https:\/\/amamantra.com\/produit\/sweatboisderose\/\" \/>\n<meta property=\"og:locale\" content=\"fr_FR\" \/>\n<meta property=\"og:type\" content=\"article\" \/>\n<meta property=\"og:title\" content=\"Sweat Bois de Rose - Amamantra\" \/>\n<meta property=\"og:description\" content=\"Sweat d&#039;allaitement Bois de Rose avec passepoil fuchsia et s\u00e9rigraphie Hola Guapa, grossesse friendly. Fabriqu\u00e9 en France avec amour en tissu upcycl\u00e9.\" \/>\n<meta property=\"og:url\" content=\"https:\/\/amamantra.com\/produit\/sweatboisderose\/\" \/>\n<meta property=\"og:site_name\" content=\"Amamantra\" \/>\n<meta property=\"article:modified_time\" content=\"2023-12-18T12:05:07+00:00\" \/>\n<meta property=\"og:image\" content=\"https:\/\/amamantra.com\/wp-content\/uploads\/2021\/10\/unnamed-2.jpg\" \/>\n\t<meta property=\"og:image:width\" content=\"531\" \/>\n\t<meta property=\"og:image:height\" content=\"531\" \/>\n\t<meta property=\"og:image:type\" content=\"image\/jpeg\" \/>\n<meta name=\"twitter:card\" content=\"summary_large_image\" \/>\n<meta name=\"twitter:label1\" content=\"Dur\u00e9e de lecture estim\u00e9e\" \/>\n\t<meta name=\"twitter:data1\" content=\"1 minute\" \/>\n<script type=\"application\/ld+json\" class=\"yoast-schema-graph\">{\"@context\":\"https:\/\/schema.org\",\"@graph\":[{\"@type\":\"WebPage\",\"@id\":\"https:\/\/amamantra.com\/produit\/sweatboisderose\/\",\"url\":\"https:\/\/amamantra.com\/produit\/sweatboisderose\/\",\"name\":\"Sweat Bois de Rose - Amamantra\",\"isPartOf\":{\"@id\":\"https:\/\/amamantra.com\/#website\"},\"primaryImageOfPage\":{\"@id\":\"https:\/\/amamantra.com\/produit\/sweatboisderose\/#primaryimage\"},\"image\":{\"@id\":\"https:\/\/amamantra.com\/produit\/sweatboisderose\/#primaryimage\"},\"thumbnailUrl\":\"https:\/\/amamantra.com\/wp-content\/uploads\/2021\/10\/unnamed-2.jpg\",\"datePublished\":\"2021-10-12T18:00:45+00:00\",\"dateModified\":\"2023-12-18T12:05:07+00:00\",\"description\":\"Sweat d'allaitement Bois de Rose avec passepoil fuchsia et s\u00e9rigraphie Hola Guapa, grossesse friendly. Fabriqu\u00e9 en France avec amour en tissu upcycl\u00e9.\",\"breadcrumb\":{\"@id\":\"https:\/\/amamantra.com\/produit\/sweatboisderose\/#breadcrumb\"},\"inLanguage\":\"fr-FR\",\"potentialAction\":[{\"@type\":\"ReadAction\",\"target\":[\"https:\/\/amamantra.com\/produit\/sweatboisderose\/\"]}]},{\"@type\":\"ImageObject\",\"inLanguage\":\"fr-FR\",\"@id\":\"https:\/\/amamantra.com\/produit\/sweatboisderose\/#primaryimage\",\"url\":\"https:\/\/amamantra.com\/wp-content\/uploads\/2021\/10\/unnamed-2.jpg\",\"contentUrl\":\"https:\/\/amamantra.com\/wp-content\/uploads\/2021\/10\/unnamed-2.jpg\",\"width\":531,\"height\":531},{\"@type\":\"BreadcrumbList\",\"@id\":\"https:\/\/amamantra.com\/produit\/sweatboisderose\/#breadcrumb\",\"itemListElement\":[{\"@type\":\"ListItem\",\"position\":1,\"name\":\"Accueil\",\"item\":\"https:\/\/amamantra.com\/\"},{\"@type\":\"ListItem\",\"position\":2,\"name\":\"Shop\",\"item\":\"https:\/\/amamantra.com\/le-shop\/\"},{\"@type\":\"ListItem\",\"position\":3,\"name\":\"Sweat Bois de Rose\"}]},{\"@type\":\"WebSite\",\"@id\":\"https:\/\/amamantra.com\/#website\",\"url\":\"https:\/\/amamantra.com\/\",\"name\":\"Amamantra\",\"description\":\"V\u00eatements de confort pour mamans allaitantes\",\"publisher\":{\"@id\":\"https:\/\/amamantra.com\/#organization\"},\"potentialAction\":[{\"@type\":\"SearchAction\",\"target\":{\"@type\":\"EntryPoint\",\"urlTemplate\":\"https:\/\/amamantra.com\/?s={search_term_string}\"},\"query-input\":\"required name=search_term_string\"}],\"inLanguage\":\"fr-FR\"},{\"@type\":\"Organization\",\"@id\":\"https:\/\/amamantra.com\/#organization\",\"name\":\"Amamantra\",\"url\":\"https:\/\/amamantra.com\/\",\"logo\":{\"@type\":\"ImageObject\",\"inLanguage\":\"fr-FR\",\"@id\":\"https:\/\/amamantra.com\/#\/schema\/logo\/image\/\",\"url\":\"https:\/\/amamantra.com\/wp-content\/uploads\/2021\/04\/logo-amamantra.jpg\",\"contentUrl\":\"https:\/\/amamantra.com\/wp-content\/uploads\/2021\/04\/logo-amamantra.jpg\",\"width\":313,\"height\":79,\"caption\":\"Amamantra\"},\"image\":{\"@id\":\"https:\/\/amamantra.com\/#\/schema\/logo\/image\/\"}}]}<\/script>\n<!-- \/ Yoast SEO plugin. -->","yoast_head_json":{"title":"Sweat Bois de Rose - Amamantra","description":"Sweat d'allaitement Bois de Rose avec passepoil fuchsia et s\u00e9rigraphie Hola Guapa, grossesse friendly. Fabriqu\u00e9 en France avec amour en tissu upcycl\u00e9.","robots":{"index":"index","follow":"follow","max-snippet":"max-snippet:-1","max-image-preview":"max-image-preview:large","max-video-preview":"max-video-preview:-1"},"canonical":"https:\/\/amamantra.com\/produit\/sweatboisderose\/","og_locale":"fr_FR","og_type":"article","og_title":"Sweat Bois de Rose - Amamantra","og_description":"Sweat d'allaitement Bois de Rose avec passepoil fuchsia et s\u00e9rigraphie Hola Guapa, grossesse friendly. Fabriqu\u00e9 en France avec amour en tissu upcycl\u00e9.","og_url":"https:\/\/amamantra.com\/produit\/sweatboisderose\/","og_site_name":"Amamantra","article_modified_time":"2023-12-18T12:05:07+00:00","og_image":[{"width":531,"height":531,"url":"https:\/\/amamantra.com\/wp-content\/uploads\/2021\/10\/unnamed-2.jpg","type":"image\/jpeg"}],"twitter_card":"summary_large_image","twitter_misc":{"Dur\u00e9e de lecture estim\u00e9e":"1 minute"},"schema":{"@context":"https:\/\/schema.org","@graph":[{"@type":"WebPage","@id":"https:\/\/amamantra.com\/produit\/sweatboisderose\/","url":"https:\/\/amamantra.com\/produit\/sweatboisderose\/","name":"Sweat Bois de Rose - Amamantra","isPartOf":{"@id":"https:\/\/amamantra.com\/#website"},"primaryImageOfPage":{"@id":"https:\/\/amamantra.com\/produit\/sweatboisderose\/#primaryimage"},"image":{"@id":"https:\/\/amamantra.com\/produit\/sweatboisderose\/#primaryimage"},"thumbnailUrl":"https:\/\/amamantra.com\/wp-content\/uploads\/2021\/10\/unnamed-2.jpg","datePublished":"2021-10-12T18:00:45+00:00","dateModified":"2023-12-18T12:05:07+00:00","description":"Sweat d'allaitement Bois de Rose avec passepoil fuchsia et s\u00e9rigraphie Hola Guapa, grossesse friendly. Fabriqu\u00e9 en France avec amour en tissu upcycl\u00e9.","breadcrumb":{"@id":"https:\/\/amamantra.com\/produit\/sweatboisderose\/#breadcrumb"},"inLanguage":"fr-FR","potentialAction":[{"@type":"ReadAction","target":["https:\/\/amamantra.com\/produit\/sweatboisderose\/"]}]},{"@type":"ImageObject","inLanguage":"fr-FR","@id":"https:\/\/amamantra.com\/produit\/sweatboisderose\/#primaryimage","url":"https:\/\/amamantra.com\/wp-content\/uploads\/2021\/10\/unnamed-2.jpg","contentUrl":"https:\/\/amamantra.com\/wp-content\/uploads\/2021\/10\/unnamed-2.jpg","width":531,"height":531},{"@type":"BreadcrumbList","@id":"https:\/\/amamantra.com\/produit\/sweatboisderose\/#breadcrumb","itemListElement":[{"@type":"ListItem","position":1,"name":"Accueil","item":"https:\/\/amamantra.com\/"},{"@type":"ListItem","position":2,"name":"Shop","item":"https:\/\/amamantra.com\/le-shop\/"},{"@type":"ListItem","position":3,"name":"Sweat Bois de Rose"}]},{"@type":"WebSite","@id":"https:\/\/amamantra.com\/#website","url":"https:\/\/amamantra.com\/","name":"Amamantra","description":"V\u00eatements de confort pour mamans allaitantes","publisher":{"@id":"https:\/\/amamantra.com\/#organization"},"potentialAction":[{"@type":"SearchAction","target":{"@type":"EntryPoint","urlTemplate":"https:\/\/amamantra.com\/?s={search_term_string}"},"query-input":"required name=search_term_string"}],"inLanguage":"fr-FR"},{"@type":"Organization","@id":"https:\/\/amamantra.com\/#organization","name":"Amamantra","url":"https:\/\/amamantra.com\/","logo":{"@type":"ImageObject","inLanguage":"fr-FR","@id":"https:\/\/amamantra.com\/#\/schema\/logo\/image\/","url":"https:\/\/amamantra.com\/wp-content\/uploads\/2021\/04\/logo-amamantra.jpg","contentUrl":"https:\/\/amamantra.com\/wp-content\/uploads\/2021\/04\/logo-amamantra.jpg","width":313,"height":79,"caption":"Amamantra"},"image":{"@id":"https:\/\/amamantra.com\/#\/schema\/logo\/image\/"}}]}},"lang":"fr","translations":{"fr":858},"pll_sync_post":[],"_links":{"self":[{"href":"https:\/\/amamantra.com\/wp-json\/wp\/v2\/product\/858"}],"collection":[{"href":"https:\/\/amamantra.com\/wp-json\/wp\/v2\/product"}],"about":[{"href":"https:\/\/amamantra.com\/wp-json\/wp\/v2\/types\/product"}],"wp:featuredmedia":[{"embeddable":true,"href":"https:\/\/amamantra.com\/wp-json\/wp\/v2\/media\/1040"}],"wp:attachment":[{"href":"https:\/\/amamantra.com\/wp-json\/wp\/v2\/media?parent=858"}],"wp:term":[{"taxonomy":"product_cat","embeddable":true,"href":"https:\/\/amamantra.com\/wp-json\/wp\/v2\/product_cat?post=858"},{"taxonomy":"product_tag","embeddable":true,"href":"https:\/\/amamantra.com\/wp-json\/wp\/v2\/product_tag?post=858"}],"curies":[{"name":"wp","href":"https:\/\/api.w.org\/{rel}","templated":true}]}}